{"id":801,"date":"2017-04-04T15:15:32","date_gmt":"2017-04-04T15:15:32","guid":{"rendered":"https:\/\/joaquinlois.com\/proyectoclarin\/?page_id=4"},"modified":"2022-06-01T19:19:17","modified_gmt":"2022-06-01T19:19:17","slug":"home","status":"publish","type":"page","link":"https:\/\/joaquinlois.com\/proyectoclarin\/","title":{"rendered":"Home"},"content":{"rendered":"<hgroup>\n<h1>Un \u00d3rgano<br \/>\nBarroco Castellano<\/h1>\n<h2>El espiritu de un Estilo<\/h2>\n<div id=\"destacados\" class=\" destacados\">\n<p>Desde el coraz\u00f3n de Castilla, ofrecemos la construcci\u00f3n de \u00f3rganos en el m\u00e1s puro estilo de los instrumentos Ib\u00e9ricos del siglo XVII y XVIII.<\/p>\n<\/div>\n<p><a class=\"ver-mas-home\" href=\"https:\/\/joaquinlois.com\/proyectoclarin\/proyecto-clarin\/\">M\u00e1s informaci\u00f3n<\/a><\/p>\n<\/hgroup>\n<p><img loading=\"lazy\" decoding=\"async\" class=\"aligncenter wp-image-1006 size-full\" title=\"Un \u00f3rgano barroco espa\u00f1ol\" src=\"https:\/\/joaquinlois.com\/proyectoclarin\/wp-content\/uploads\/sites\/4\/2022\/06\/spanish-organ.jpg\" alt=\"Un \u00f3rgano Barroco Espa\u00f1ol - Taller de organer\u00eda de Joaqu\u00edn Lois\" width=\"700\" height=\"725\" srcset=\"https:\/\/joaquinlois.com\/proyectoclarin\/wp-content\/uploads\/sites\/4\/2022\/06\/spanish-organ.jpg 700w, https:\/\/joaquinlois.com\/proyectoclarin\/wp-content\/uploads\/sites\/4\/2022\/06\/spanish-organ-290x300.jpg 290w\" sizes=\"auto, (max-width: 700px) 100vw, 700px\" \/><\/p>\n","protected":false},"excerpt":{"rendered":"<p>Un \u00d3rgano Barroco Castellano El espiritu de un Estilo Desde el coraz\u00f3n de Castilla, ofrecemos la construcci\u00f3n de \u00f3rganos en el m\u00e1s puro estilo de los instrumentos Ib\u00e9ricos del siglo XVII y XVIII. M\u00e1s informaci\u00f3n<\/p>\n","protected":false},"author":1,"featured_media":686,"parent":0,"menu_order":0,"comment_status":"closed","ping_status":"closed","template":"page-proyecto-clarin.php","meta":{"_acf_changed":false,"footnotes":""},"class_list":["post-801","page","type-page","status-publish","has-post-thumbnail","hentry"],"acf":[],"yoast_head":"<!-- This site is optimized with the Yoast SEO plugin v27.3 - https:\/\/yoast.com\/product\/yoast-seo-wordpress\/ -->\n<title>Un \u00f3rgano barroco Castellano por el taller de organer\u00eda de Joaqu\u00edn Lois<\/title>\n<meta name=\"description\" content=\"Desde el coraz\u00f3n de Castilla, ofrecemos la construcci\u00f3n de \u00f3rganos en el m\u00e1s puro estilo de los instrumentos Ib\u00e9ricos del siglo XVII y XVIII.\" \/>\n<meta name=\"robots\" content=\"noindex, follow, max-snippet:-1, max-image-preview:large, max-video-preview:-1\" \/>\n<meta property=\"og:locale\" content=\"es_ES\" \/>\n<meta property=\"og:type\" content=\"article\" \/>\n<meta property=\"og:title\" content=\"Un \u00d3rgano Barroco Castellano por el taller de organer\u00eda de Joaqu\u00edn Lois\" \/>\n<meta property=\"og:description\" content=\"Desde el coraz\u00f3n de Castilla, ofrecemos la construcci\u00f3n de \u00f3rganos en el m\u00e1s puro estilo de los instrumentos Ib\u00e9ricos del siglo XVII y XVIII.\" \/>\n<meta property=\"og:url\" content=\"https:\/\/joaquinlois.com\/proyectoclarin\/\" \/>\n<meta property=\"og:site_name\" content=\"Proyecto Clar\u00edn\" \/>\n<meta property=\"article:modified_time\" content=\"2022-06-01T19:19:17+00:00\" \/>\n<meta property=\"og:image\" content=\"https:\/\/joaquinlois.com\/proyectoclarin\/wp-content\/uploads\/sites\/4\/2017\/04\/clarin-project-spanish-baroque-organs-me-fecit.jpg\" \/>\n<meta name=\"twitter:card\" content=\"summary_large_image\" \/>\n<meta name=\"twitter:label1\" content=\"Tiempo de lectura\" \/>\n\t<meta name=\"twitter:data1\" content=\"1 minuto\" \/>\n<script type=\"application\/ld+json\" class=\"yoast-schema-graph\">{\"@context\":\"https:\\\/\\\/schema.org\",\"@graph\":[{\"@type\":\"WebPage\",\"@id\":\"https:\\\/\\\/joaquinlois.com\\\/proyectoclarin\\\/\",\"url\":\"https:\\\/\\\/joaquinlois.com\\\/proyectoclarin\\\/\",\"name\":\"Un \u00f3rgano barroco Castellano por el taller de organer\u00eda de Joaqu\u00edn Lois\",\"isPartOf\":{\"@id\":\"https:\\\/\\\/joaquinlois.com\\\/proyectoclarin\\\/#website\"},\"primaryImageOfPage\":{\"@id\":\"https:\\\/\\\/joaquinlois.com\\\/proyectoclarin\\\/#primaryimage\"},\"image\":{\"@id\":\"https:\\\/\\\/joaquinlois.com\\\/proyectoclarin\\\/#primaryimage\"},\"thumbnailUrl\":\"https:\\\/\\\/joaquinlois.com\\\/proyectoclarin\\\/wp-content\\\/uploads\\\/sites\\\/4\\\/2017\\\/04\\\/proyecto-clarin-organo-barroco-castellano-s.jpg\",\"datePublished\":\"2017-04-04T15:15:32+00:00\",\"dateModified\":\"2022-06-01T19:19:17+00:00\",\"description\":\"Desde el coraz\u00f3n de Castilla, ofrecemos la construcci\u00f3n de \u00f3rganos en el m\u00e1s puro estilo de los instrumentos Ib\u00e9ricos del siglo XVII y XVIII.\",\"inLanguage\":\"es\",\"potentialAction\":[{\"@type\":\"ReadAction\",\"target\":[\"https:\\\/\\\/joaquinlois.com\\\/proyectoclarin\\\/\"]}]},{\"@type\":\"ImageObject\",\"inLanguage\":\"es\",\"@id\":\"https:\\\/\\\/joaquinlois.com\\\/proyectoclarin\\\/#primaryimage\",\"url\":\"https:\\\/\\\/joaquinlois.com\\\/proyectoclarin\\\/wp-content\\\/uploads\\\/sites\\\/4\\\/2017\\\/04\\\/proyecto-clarin-organo-barroco-castellano-s.jpg\",\"contentUrl\":\"https:\\\/\\\/joaquinlois.com\\\/proyectoclarin\\\/wp-content\\\/uploads\\\/sites\\\/4\\\/2017\\\/04\\\/proyecto-clarin-organo-barroco-castellano-s.jpg\",\"width\":1200,\"height\":630,\"caption\":\"Un \u00f3rgano barroco Castellano por el t\"},{\"@type\":\"WebSite\",\"@id\":\"https:\\\/\\\/joaquinlois.com\\\/proyectoclarin\\\/#website\",\"url\":\"https:\\\/\\\/joaquinlois.com\\\/proyectoclarin\\\/\",\"name\":\"Proyecto Clar\u00edn\",\"description\":\"Un \u00d3rgano Barroco Castellano\",\"potentialAction\":[{\"@type\":\"SearchAction\",\"target\":{\"@type\":\"EntryPoint\",\"urlTemplate\":\"https:\\\/\\\/joaquinlois.com\\\/proyectoclarin\\\/?s={search_term_string}\"},\"query-input\":{\"@type\":\"PropertyValueSpecification\",\"valueRequired\":true,\"valueName\":\"search_term_string\"}}],\"inLanguage\":\"es\"}]}<\/script>\n<!-- \/ Yoast SEO plugin. -->","yoast_head_json":{"title":"Un \u00f3rgano barroco Castellano por el taller de organer\u00eda de Joaqu\u00edn Lois","description":"Desde el coraz\u00f3n de Castilla, ofrecemos la construcci\u00f3n de \u00f3rganos en el m\u00e1s puro estilo de los instrumentos Ib\u00e9ricos del siglo XVII y XVIII.","robots":{"index":"noindex","follow":"follow","max-snippet":"max-snippet:-1","max-image-preview":"max-image-preview:large","max-video-preview":"max-video-preview:-1"},"og_locale":"es_ES","og_type":"article","og_title":"Un \u00d3rgano Barroco Castellano por el taller de organer\u00eda de Joaqu\u00edn Lois","og_description":"Desde el coraz\u00f3n de Castilla, ofrecemos la construcci\u00f3n de \u00f3rganos en el m\u00e1s puro estilo de los instrumentos Ib\u00e9ricos del siglo XVII y XVIII.","og_url":"https:\/\/joaquinlois.com\/proyectoclarin\/","og_site_name":"Proyecto Clar\u00edn","article_modified_time":"2022-06-01T19:19:17+00:00","og_image":[{"url":"https:\/\/joaquinlois.com\/proyectoclarin\/wp-content\/uploads\/sites\/4\/2017\/04\/clarin-project-spanish-baroque-organs-me-fecit.jpg","type":"","width":"","height":""}],"twitter_card":"summary_large_image","twitter_misc":{"Tiempo de lectura":"1 minuto"},"schema":{"@context":"https:\/\/schema.org","@graph":[{"@type":"WebPage","@id":"https:\/\/joaquinlois.com\/proyectoclarin\/","url":"https:\/\/joaquinlois.com\/proyectoclarin\/","name":"Un \u00f3rgano barroco Castellano por el taller de organer\u00eda de Joaqu\u00edn Lois","isPartOf":{"@id":"https:\/\/joaquinlois.com\/proyectoclarin\/#website"},"primaryImageOfPage":{"@id":"https:\/\/joaquinlois.com\/proyectoclarin\/#primaryimage"},"image":{"@id":"https:\/\/joaquinlois.com\/proyectoclarin\/#primaryimage"},"thumbnailUrl":"https:\/\/joaquinlois.com\/proyectoclarin\/wp-content\/uploads\/sites\/4\/2017\/04\/proyecto-clarin-organo-barroco-castellano-s.jpg","datePublished":"2017-04-04T15:15:32+00:00","dateModified":"2022-06-01T19:19:17+00:00","description":"Desde el coraz\u00f3n de Castilla, ofrecemos la construcci\u00f3n de \u00f3rganos en el m\u00e1s puro estilo de los instrumentos Ib\u00e9ricos del siglo XVII y XVIII.","inLanguage":"es","potentialAction":[{"@type":"ReadAction","target":["https:\/\/joaquinlois.com\/proyectoclarin\/"]}]},{"@type":"ImageObject","inLanguage":"es","@id":"https:\/\/joaquinlois.com\/proyectoclarin\/#primaryimage","url":"https:\/\/joaquinlois.com\/proyectoclarin\/wp-content\/uploads\/sites\/4\/2017\/04\/proyecto-clarin-organo-barroco-castellano-s.jpg","contentUrl":"https:\/\/joaquinlois.com\/proyectoclarin\/wp-content\/uploads\/sites\/4\/2017\/04\/proyecto-clarin-organo-barroco-castellano-s.jpg","width":1200,"height":630,"caption":"Un \u00f3rgano barroco Castellano por el t"},{"@type":"WebSite","@id":"https:\/\/joaquinlois.com\/proyectoclarin\/#website","url":"https:\/\/joaquinlois.com\/proyectoclarin\/","name":"Proyecto Clar\u00edn","description":"Un \u00d3rgano Barroco Castellano","potentialAction":[{"@type":"SearchAction","target":{"@type":"EntryPoint","urlTemplate":"https:\/\/joaquinlois.com\/proyectoclarin\/?s={search_term_string}"},"query-input":{"@type":"PropertyValueSpecification","valueRequired":true,"valueName":"search_term_string"}}],"inLanguage":"es"}]}},"_links":{"self":[{"href":"https:\/\/joaquinlois.com\/proyectoclarin\/wp-json\/wp\/v2\/pages\/801","targetHints":{"allow":["GET"]}}],"collection":[{"href":"https:\/\/joaquinlois.com\/proyectoclarin\/wp-json\/wp\/v2\/pages"}],"about":[{"href":"https:\/\/joaquinlois.com\/proyectoclarin\/wp-json\/wp\/v2\/types\/page"}],"author":[{"embeddable":true,"href":"https:\/\/joaquinlois.com\/proyectoclarin\/wp-json\/wp\/v2\/users\/1"}],"replies":[{"embeddable":true,"href":"https:\/\/joaquinlois.com\/proyectoclarin\/wp-json\/wp\/v2\/comments?post=801"}],"version-history":[{"count":5,"href":"https:\/\/joaquinlois.com\/proyectoclarin\/wp-json\/wp\/v2\/pages\/801\/revisions"}],"predecessor-version":[{"id":1102,"href":"https:\/\/joaquinlois.com\/proyectoclarin\/wp-json\/wp\/v2\/pages\/801\/revisions\/1102"}],"wp:featuredmedia":[{"embeddable":true,"href":"https:\/\/joaquinlois.com\/proyectoclarin\/wp-json\/wp\/v2\/media\/686"}],"wp:attachment":[{"href":"https:\/\/joaquinlois.com\/proyectoclarin\/wp-json\/wp\/v2\/media?parent=801"}],"curies":[{"name":"wp","href":"https:\/\/api.w.org\/{rel}","templated":true}]}}