{"id":6,"date":"2017-04-04T15:16:20","date_gmt":"2017-04-04T15:16:20","guid":{"rendered":"https:\/\/joaquinlois.com\/proyectoclarin\/?page_id=6"},"modified":"2022-06-01T19:23:48","modified_gmt":"2022-06-01T19:23:48","slug":"proyecto-clarin","status":"publish","type":"page","link":"https:\/\/joaquinlois.com\/proyectoclarin\/proyecto-clarin\/","title":{"rendered":"Proyecto Clar\u00edn"},"content":{"rendered":"<div id=\"introduccion2\">\n<h2>\u00bfQue es el proyecto Clar\u00edn?<\/h2>\n<hr \/>\n<div id=\"introduccion2 \" class=\"row\">\n<div id=\" destacados\" class=\"col-md-4 destacados\">\n<p>Copias de \u00f3rganos hist\u00f3ricos ib\u00e9ricos, modelos ya experimentados o de nueva concepci\u00f3n.<\/p>\n<\/div>\n<div id=\" destacados\" class=\"col-md-4 destacados\">\n<p>T\u00e9cnica y esp\u00edritu al servicio del repertorio ib\u00e9rico y de la m\u00fasica antigua.<\/p>\n<\/div>\n<div id=\" destacados\" class=\"col-md-4 destacados\">\n<p>Desde el coraz\u00f3n de Castilla, ofrecemos la construcci\u00f3n de \u00f3rganos en el m\u00e1s puro estilo de los instrumentos Ib\u00e9ricos del siglo XVII y XVIII.<\/p>\n<\/div>\n<\/div>\n<hr \/>\n<h2>El Objetivo del proyecto<\/h2>\n<div class=\"row\">\n<div class=\" destacados objetivo col-md-12\">\n<p style=\"text-align: center;\">El Proyecto Clar\u00edn es una propuesta de nuestro taller para posibilitar instrumentos adecuados al estudio y la interpretaci\u00f3n de la <strong>m\u00fasica ib\u00e9rica para \u00f3rgano<\/strong> en aquellos \u00e1mbitos donde se puede desarrollar esta disciplina y no se dispone de \u00f3rganos de su <a href=\"https:\/\/joaquinlois.com\/proyectoclarin\/el-estilo\/\">estilo<\/a>, presentando nuestro conocimiento t\u00e9cnico y est\u00e9tico de los \u00f3rganos espa\u00f1oles del siglo XVIII.<\/p>\n<\/div>\n<\/div>\n<\/div>\n<div class=\"row\"><\/div>\n<div class=\"col-full-width\"><\/div>\n<hr \/>\n<p><img loading=\"lazy\" decoding=\"async\" class=\"clarin-foto aligncenter wp-image-1006 size-thumbnail\" src=\"https:\/\/joaquinlois.com\/proyectoclarin\/wp-content\/uploads\/sites\/4\/2022\/06\/spanish-organ-150x150.jpg\" alt=\"Un \u00f3rgano Barroco Espa\u00f1ol - Taller de organer\u00eda de Joaqu\u00edn Lois\" width=\"150\" height=\"150\" \/><\/p>\n<h4 class=\"ver_organos\"><a href=\"https:\/\/joaquinlois.com\/proyectoclarin\/los-organos\/\">Ver \u00f3rganos construidos<br \/>\nen el Proyecto Clar\u00edn<\/a><\/h4>\n<hr \/>\n<h2><a href=\"https:\/\/joaquinlois.com\/proyectoclarin\/el-estilo\/\">El Estilo<\/a><\/h2>\n<div class=\" destacados objetivo col-md-12\">\n<p style=\"text-align: center;\">El \u00f3rgano barroco espa\u00f1ol reune unas caracter\u00edsticas muy definidas y peculiares que le diferencian de los instrumentos que le precedieron y de sus coet\u00e1neos en Europa. Sobre este estilo de \u00f3rgano\u00a0se desarrolla un repertorio espec\u00edfico que\u00a0\u00a0cobra pleno sentido cuando se interpreta en un instrumento adecuado. El teclado partido, la leng\u00fceter\u00eda de fachada y el temperamento mesot\u00f3nico, siendo los rasgos formales m\u00e1s importantes , no lo son todo, sino que la pronunciaci\u00f3n de los tubos, los rasgos t\u00edmbricos y el equilibrio arm\u00f3nico de los juegos es determinante en un estilo que rebosa originalidad e inspiraci\u00f3n.<\/p>\n<p style=\"text-align: center;\">\n<\/div>\n<p style=\"text-align: center;\"><a href=\"https:\/\/joaquinlois.com\/proyectoclarin\/el-estilo\/\"><em>M\u00e1s informaci\u00f3n sobre el \u00f3rgano barroco Castellano<\/em><\/a><\/p>\n<p><img decoding=\"async\" src=\"https:\/\/joaquinlois.com\/proyectoclarin\/wp-content\/uploads\/sites\/4\/2022\/06\/foto-correa.jpg\" alt=\"Correa de Arauxo\" width=\"100%\" height=\"auto\" \/><\/p>\n<div class=\"piedefoto\">Facultad Org\u00e1nica, Francisco Correa de Arauxo, 1626.)<\/div>\n","protected":false},"excerpt":{"rendered":"<p>\u00bfQue es el proyecto Clar\u00edn? Copias de \u00f3rganos hist\u00f3ricos ib\u00e9ricos, modelos ya experimentados o de nueva concepci\u00f3n. T\u00e9cnica y esp\u00edritu al servicio del repertorio ib\u00e9rico y de la m\u00fasica antigua. Desde el coraz\u00f3n de Castilla, ofrecemos la construcci\u00f3n de \u00f3rganos en el m\u00e1s puro estilo de los instrumentos Ib\u00e9ricos del siglo XVII y XVIII. El [&hellip;]<\/p>\n","protected":false},"author":1,"featured_media":692,"parent":0,"menu_order":0,"comment_status":"closed","ping_status":"closed","template":"page-proyecto-clarin.php","meta":{"_acf_changed":false,"footnotes":""},"class_list":["post-6","page","type-page","status-publish","has-post-thumbnail","hentry"],"acf":[],"yoast_head":"<!-- This site is optimized with the Yoast SEO plugin v27.3 - https:\/\/yoast.com\/product\/yoast-seo-wordpress\/ -->\n<title>\u00bfQue es Proyecto Clar\u00edn? \u00d3rganos barrocos por el taller de Joaqu\u00edn Lois<\/title>\n<meta name=\"description\" content=\"Copias de \u00f3rganos hist\u00f3ricos ib\u00e9ricos, modelos ya experimentados o de nueva concepci\u00f3n. T\u00e9cnica y esp\u00edritu al servicio del repertorio ib\u00e9rico.\" \/>\n<meta name=\"robots\" content=\"noindex, follow, max-snippet:-1, max-image-preview:large, max-video-preview:-1\" \/>\n<meta property=\"og:locale\" content=\"es_ES\" \/>\n<meta property=\"og:type\" content=\"article\" \/>\n<meta property=\"og:title\" content=\"\u00bfQue es Proyecto Clar\u00edn? \u00d3rganos barrocos por el taller de Joaqu\u00edn Lois\" \/>\n<meta property=\"og:description\" content=\"Copias de \u00f3rganos hist\u00f3ricos ib\u00e9ricos, modelos ya experimentados o de nueva concepci\u00f3n. T\u00e9cnica y esp\u00edritu al servicio del repertorio ib\u00e9rico.\" \/>\n<meta property=\"og:url\" content=\"https:\/\/joaquinlois.com\/proyectoclarin\/proyecto-clarin\/\" \/>\n<meta property=\"og:site_name\" content=\"Proyecto Clar\u00edn\" \/>\n<meta property=\"article:modified_time\" content=\"2022-06-01T19:23:48+00:00\" \/>\n<meta property=\"og:image\" content=\"https:\/\/joaquinlois.com\/proyectoclarin\/wp-content\/uploads\/sites\/4\/2017\/04\/que-es-proyecto-clarin-joaquin-lois.jpg\" \/>\n<meta name=\"twitter:card\" content=\"summary_large_image\" \/>\n<meta name=\"twitter:label1\" content=\"Tiempo de lectura\" \/>\n\t<meta name=\"twitter:data1\" content=\"2 minutos\" \/>\n<script type=\"application\/ld+json\" class=\"yoast-schema-graph\">{\"@context\":\"https:\\\/\\\/schema.org\",\"@graph\":[{\"@type\":\"WebPage\",\"@id\":\"https:\\\/\\\/joaquinlois.com\\\/proyectoclarin\\\/proyecto-clarin\\\/\",\"url\":\"https:\\\/\\\/joaquinlois.com\\\/proyectoclarin\\\/proyecto-clarin\\\/\",\"name\":\"\u00bfQue es Proyecto Clar\u00edn? \u00d3rganos barrocos por el taller de Joaqu\u00edn Lois\",\"isPartOf\":{\"@id\":\"https:\\\/\\\/joaquinlois.com\\\/proyectoclarin\\\/#website\"},\"primaryImageOfPage\":{\"@id\":\"https:\\\/\\\/joaquinlois.com\\\/proyectoclarin\\\/proyecto-clarin\\\/#primaryimage\"},\"image\":{\"@id\":\"https:\\\/\\\/joaquinlois.com\\\/proyectoclarin\\\/proyecto-clarin\\\/#primaryimage\"},\"thumbnailUrl\":\"https:\\\/\\\/joaquinlois.com\\\/proyectoclarin\\\/wp-content\\\/uploads\\\/sites\\\/4\\\/2017\\\/04\\\/que-es-proyecto-clarin-joaquin-lois.jpg\",\"datePublished\":\"2017-04-04T15:16:20+00:00\",\"dateModified\":\"2022-06-01T19:23:48+00:00\",\"description\":\"Copias de \u00f3rganos hist\u00f3ricos ib\u00e9ricos, modelos ya experimentados o de nueva concepci\u00f3n. T\u00e9cnica y esp\u00edritu al servicio del repertorio ib\u00e9rico.\",\"inLanguage\":\"es\",\"potentialAction\":[{\"@type\":\"ReadAction\",\"target\":[\"https:\\\/\\\/joaquinlois.com\\\/proyectoclarin\\\/proyecto-clarin\\\/\"]}]},{\"@type\":\"ImageObject\",\"inLanguage\":\"es\",\"@id\":\"https:\\\/\\\/joaquinlois.com\\\/proyectoclarin\\\/proyecto-clarin\\\/#primaryimage\",\"url\":\"https:\\\/\\\/joaquinlois.com\\\/proyectoclarin\\\/wp-content\\\/uploads\\\/sites\\\/4\\\/2017\\\/04\\\/que-es-proyecto-clarin-joaquin-lois.jpg\",\"contentUrl\":\"https:\\\/\\\/joaquinlois.com\\\/proyectoclarin\\\/wp-content\\\/uploads\\\/sites\\\/4\\\/2017\\\/04\\\/que-es-proyecto-clarin-joaquin-lois.jpg\",\"width\":1200,\"height\":630,\"caption\":\"Proyecto Clar\u00edn | \u00d3rganos Barrocos Castellanos\"},{\"@type\":\"WebSite\",\"@id\":\"https:\\\/\\\/joaquinlois.com\\\/proyectoclarin\\\/#website\",\"url\":\"https:\\\/\\\/joaquinlois.com\\\/proyectoclarin\\\/\",\"name\":\"Proyecto Clar\u00edn\",\"description\":\"Un \u00d3rgano Barroco Castellano\",\"potentialAction\":[{\"@type\":\"SearchAction\",\"target\":{\"@type\":\"EntryPoint\",\"urlTemplate\":\"https:\\\/\\\/joaquinlois.com\\\/proyectoclarin\\\/?s={search_term_string}\"},\"query-input\":{\"@type\":\"PropertyValueSpecification\",\"valueRequired\":true,\"valueName\":\"search_term_string\"}}],\"inLanguage\":\"es\"}]}<\/script>\n<!-- \/ Yoast SEO plugin. -->","yoast_head_json":{"title":"\u00bfQue es Proyecto Clar\u00edn? \u00d3rganos barrocos por el taller de Joaqu\u00edn Lois","description":"Copias de \u00f3rganos hist\u00f3ricos ib\u00e9ricos, modelos ya experimentados o de nueva concepci\u00f3n. T\u00e9cnica y esp\u00edritu al servicio del repertorio ib\u00e9rico.","robots":{"index":"noindex","follow":"follow","max-snippet":"max-snippet:-1","max-image-preview":"max-image-preview:large","max-video-preview":"max-video-preview:-1"},"og_locale":"es_ES","og_type":"article","og_title":"\u00bfQue es Proyecto Clar\u00edn? \u00d3rganos barrocos por el taller de Joaqu\u00edn Lois","og_description":"Copias de \u00f3rganos hist\u00f3ricos ib\u00e9ricos, modelos ya experimentados o de nueva concepci\u00f3n. T\u00e9cnica y esp\u00edritu al servicio del repertorio ib\u00e9rico.","og_url":"https:\/\/joaquinlois.com\/proyectoclarin\/proyecto-clarin\/","og_site_name":"Proyecto Clar\u00edn","article_modified_time":"2022-06-01T19:23:48+00:00","og_image":[{"url":"https:\/\/joaquinlois.com\/proyectoclarin\/wp-content\/uploads\/sites\/4\/2017\/04\/que-es-proyecto-clarin-joaquin-lois.jpg","type":"","width":"","height":""}],"twitter_card":"summary_large_image","twitter_misc":{"Tiempo de lectura":"2 minutos"},"schema":{"@context":"https:\/\/schema.org","@graph":[{"@type":"WebPage","@id":"https:\/\/joaquinlois.com\/proyectoclarin\/proyecto-clarin\/","url":"https:\/\/joaquinlois.com\/proyectoclarin\/proyecto-clarin\/","name":"\u00bfQue es Proyecto Clar\u00edn? \u00d3rganos barrocos por el taller de Joaqu\u00edn Lois","isPartOf":{"@id":"https:\/\/joaquinlois.com\/proyectoclarin\/#website"},"primaryImageOfPage":{"@id":"https:\/\/joaquinlois.com\/proyectoclarin\/proyecto-clarin\/#primaryimage"},"image":{"@id":"https:\/\/joaquinlois.com\/proyectoclarin\/proyecto-clarin\/#primaryimage"},"thumbnailUrl":"https:\/\/joaquinlois.com\/proyectoclarin\/wp-content\/uploads\/sites\/4\/2017\/04\/que-es-proyecto-clarin-joaquin-lois.jpg","datePublished":"2017-04-04T15:16:20+00:00","dateModified":"2022-06-01T19:23:48+00:00","description":"Copias de \u00f3rganos hist\u00f3ricos ib\u00e9ricos, modelos ya experimentados o de nueva concepci\u00f3n. T\u00e9cnica y esp\u00edritu al servicio del repertorio ib\u00e9rico.","inLanguage":"es","potentialAction":[{"@type":"ReadAction","target":["https:\/\/joaquinlois.com\/proyectoclarin\/proyecto-clarin\/"]}]},{"@type":"ImageObject","inLanguage":"es","@id":"https:\/\/joaquinlois.com\/proyectoclarin\/proyecto-clarin\/#primaryimage","url":"https:\/\/joaquinlois.com\/proyectoclarin\/wp-content\/uploads\/sites\/4\/2017\/04\/que-es-proyecto-clarin-joaquin-lois.jpg","contentUrl":"https:\/\/joaquinlois.com\/proyectoclarin\/wp-content\/uploads\/sites\/4\/2017\/04\/que-es-proyecto-clarin-joaquin-lois.jpg","width":1200,"height":630,"caption":"Proyecto Clar\u00edn | \u00d3rganos Barrocos Castellanos"},{"@type":"WebSite","@id":"https:\/\/joaquinlois.com\/proyectoclarin\/#website","url":"https:\/\/joaquinlois.com\/proyectoclarin\/","name":"Proyecto Clar\u00edn","description":"Un \u00d3rgano Barroco Castellano","potentialAction":[{"@type":"SearchAction","target":{"@type":"EntryPoint","urlTemplate":"https:\/\/joaquinlois.com\/proyectoclarin\/?s={search_term_string}"},"query-input":{"@type":"PropertyValueSpecification","valueRequired":true,"valueName":"search_term_string"}}],"inLanguage":"es"}]}},"_links":{"self":[{"href":"https:\/\/joaquinlois.com\/proyectoclarin\/wp-json\/wp\/v2\/pages\/6","targetHints":{"allow":["GET"]}}],"collection":[{"href":"https:\/\/joaquinlois.com\/proyectoclarin\/wp-json\/wp\/v2\/pages"}],"about":[{"href":"https:\/\/joaquinlois.com\/proyectoclarin\/wp-json\/wp\/v2\/types\/page"}],"author":[{"embeddable":true,"href":"https:\/\/joaquinlois.com\/proyectoclarin\/wp-json\/wp\/v2\/users\/1"}],"replies":[{"embeddable":true,"href":"https:\/\/joaquinlois.com\/proyectoclarin\/wp-json\/wp\/v2\/comments?post=6"}],"version-history":[{"count":2,"href":"https:\/\/joaquinlois.com\/proyectoclarin\/wp-json\/wp\/v2\/pages\/6\/revisions"}],"predecessor-version":[{"id":1179,"href":"https:\/\/joaquinlois.com\/proyectoclarin\/wp-json\/wp\/v2\/pages\/6\/revisions\/1179"}],"wp:featuredmedia":[{"embeddable":true,"href":"https:\/\/joaquinlois.com\/proyectoclarin\/wp-json\/wp\/v2\/media\/692"}],"wp:attachment":[{"href":"https:\/\/joaquinlois.com\/proyectoclarin\/wp-json\/wp\/v2\/media?parent=6"}],"curies":[{"name":"wp","href":"https:\/\/api.w.org\/{rel}","templated":true}]}}