{"id":53,"date":"2017-04-04T19:32:41","date_gmt":"2017-04-04T19:32:41","guid":{"rendered":"https:\/\/joaquinlois.com\/proyectoclarin\/?page_id=53"},"modified":"2022-06-07T17:39:35","modified_gmt":"2022-06-07T17:39:35","slug":"construccion","status":"publish","type":"page","link":"https:\/\/joaquinlois.com\/proyectoclarin\/construccion\/","title":{"rendered":"Construcci\u00f3n_ Filosofia y T\u00e9cnicas"},"content":{"rendered":"<p>El estudio de la est\u00e9tica, el momento cultural y las t\u00e9cnicas constructivas son el camino para aproximarnos al car\u00e1cter de&nbsp;los \u00f3rganos barrocos espa\u00f1oles.<\/p>\n<p>En principio acometer un proyecto de car\u00e1cter historicista en el siglo XXI implica adoptar una postura ciertamente radical ya que en algunos aspectos el retroceder en las t\u00e9cnicas supone un esfuerzo tal como el realizado cuando han evolucionado hacia adelante.<br \/>\nEn todo caso somos conscientes de que las t\u00e9cnicas por si solas no nos llevar\u00e1n al esp\u00edritu de estos instrumentos castellanos, pero nos impiden que las modernas tecnolog\u00edas, hoy imprescindibles, nos alejen de ese esp\u00edritu artesanal y exclusivo del los maestros de hacer \u00f3rganos de la Castilla del siglo XVIII.<\/p>\n<h2>El mueble<\/h2>\n<p>La arquitectura y ornamentaci\u00f3n de los muebles construidos&nbsp;dentro de este proyecto son una parte fundamental del mismo y su dise\u00f1o, concepto y ejecuci\u00f3n responden plenamente al estilo que se recrea. La tuber\u00eda de fachada, la mec\u00e1nica y la est\u00e9tica de la \u00e9poca que recreamos, determinan algunos de los rasgos esenciales de estos muebles.<\/p>\n<p>La construcci\u00f3n en maderas macizas de buena calidad y bien secas y en cada caso de la especie m\u00e1s adecuada, la ornamentaci\u00f3n y las composiciones realizadas seg\u00fan los patrones del barroco&nbsp; ,&nbsp;la talla hecha&nbsp;a mano, son caminos que &nbsp;nos acercan &nbsp;a nuestro objetivo.<\/p>\n<figure id=\"attachment_397\" aria-describedby=\"caption-attachment-397\" style=\"width: 1300px\" class=\"wp-caption alignnone\"><a href=\"https:\/\/joaquinlois.com\/proyectoclarin\/wp-content\/uploads\/sites\/4\/2022\/06\/tallas-clarin-opus-III.jpg\"><img loading=\"lazy\" decoding=\"async\" class=\"size-full wp-image-397\" src=\"https:\/\/joaquinlois.com\/proyectoclarin\/wp-content\/uploads\/sites\/4\/2017\/04\/tallas-clarin-opus-III.jpg\" alt=\"\" width=\"1300\" height=\"347\" srcset=\"https:\/\/joaquinlois.com\/proyectoclarin\/wp-content\/uploads\/sites\/4\/2017\/04\/tallas-clarin-opus-III.jpg 1300w, https:\/\/joaquinlois.com\/proyectoclarin\/wp-content\/uploads\/sites\/4\/2017\/04\/tallas-clarin-opus-III-300x80.jpg 300w, https:\/\/joaquinlois.com\/proyectoclarin\/wp-content\/uploads\/sites\/4\/2017\/04\/tallas-clarin-opus-III-1024x273.jpg 1024w, https:\/\/joaquinlois.com\/proyectoclarin\/wp-content\/uploads\/sites\/4\/2017\/04\/tallas-clarin-opus-III-768x205.jpg 768w\" sizes=\"auto, (max-width: 1300px) 100vw, 1300px\" \/><\/a><figcaption id=\"caption-attachment-397\" class=\"wp-caption-text\">Trabajos de tallado<\/figcaption><\/figure>\n<figure id=\"attachment_398\" aria-describedby=\"caption-attachment-398\" style=\"width: 1300px\" class=\"wp-caption alignnone\"><a href=\"https:\/\/joaquinlois.com\/proyectoclarin\/wp-content\/uploads\/sites\/4\/2017\/04\/tallas-II-clarin-opus-III.jpg\"><img loading=\"lazy\" decoding=\"async\" class=\"size-full wp-image-398\" src=\"https:\/\/joaquinlois.com\/proyectoclarin\/wp-content\/uploads\/sites\/4\/2022\/06\/\/tallas-II-clarin-opus-III.jpg\" alt=\"\" width=\"1300\" height=\"347\"><\/a><figcaption id=\"caption-attachment-398\" class=\"wp-caption-text\">Detalle de las tallas,&nbsp; proceso de construcci\u00f3n<\/figcaption><\/figure>\n<p>En cuanto a la policrom\u00eda se &nbsp;recrean las decoraciones que se hicieron hacia la mitad del siglo XVIII, y seg\u00fan los c\u00e1nones del momento, es decir fondos policromados y tallas y cornisas con oro fino.<br \/>\nLas t\u00e9cnicas son las tradicionales en este campo: estuco de yeso sobre la madera y pintura al temple de cola en diferentes colores &nbsp;con pigmentos&nbsp;naturales. Las tallas y molduras son doradas sobre preparaci\u00f3n de yeso y bol. El acabado es con barniz resistente.<\/p>\n<p>Cuando no se hace policrom\u00eda se construyen los muebles en maderas nobles, roble, cedro, etc.<\/p>\n<figure id=\"attachment_401\" aria-describedby=\"caption-attachment-401\" style=\"width: 1500px\" class=\"wp-caption alignnone\"><a href=\"https:\/\/joaquinlois.com\/proyectoclarin\/wp-content\/uploads\/sites\/4\/2022\/06\/mueble-proyecto-clarin.jpg\"><img loading=\"lazy\" decoding=\"async\" class=\"wp-image-401 size-full\" title=\"Acabados del mueble | Proyecto Clar\u00edn \u00d3rgano Barroco Castellano\" src=\"https:\/\/joaquinlois.com\/proyectoclarin\/wp-content\/uploads\/sites\/4\/2017\/04\/mueble-proyecto-clarin.jpg\" alt=\"Diferentes acabados | Proyecto Clar\u00edn\" width=\"1500\" height=\"400\" srcset=\"https:\/\/joaquinlois.com\/proyectoclarin\/wp-content\/uploads\/sites\/4\/2017\/04\/mueble-proyecto-clarin.jpg 1500w, https:\/\/joaquinlois.com\/proyectoclarin\/wp-content\/uploads\/sites\/4\/2017\/04\/mueble-proyecto-clarin-300x80.jpg 300w, https:\/\/joaquinlois.com\/proyectoclarin\/wp-content\/uploads\/sites\/4\/2017\/04\/mueble-proyecto-clarin-1024x273.jpg 1024w, https:\/\/joaquinlois.com\/proyectoclarin\/wp-content\/uploads\/sites\/4\/2017\/04\/mueble-proyecto-clarin-768x205.jpg 768w\" sizes=\"auto, (max-width: 1500px) 100vw, 1500px\" \/><\/a><figcaption id=\"caption-attachment-401\" class=\"wp-caption-text\">Diferentes acabados de los \u00f3rganos enmarcados en el proyecto Clar\u00edn<\/figcaption><\/figure>\n<h2>El instrumento<\/h2>\n<p>La sencillez es un rasgo caracter\u00edsticos de estos \u00f3rganos, sobre todo en lo que se refiere a la mec\u00e1nica, secretos y alimentaci\u00f3n del viento.<br \/>\nLa \u201cmaquina\u201d se construye&nbsp;seg\u00fan &nbsp;modelos de la \u00e9poca &nbsp;y con las t\u00e9cnicas tradicionales utilizadas en Castilla que han demostrado mejor resultado a lo largo de 250 a\u00f1os.<br \/>\nEl&nbsp;secreto, de correderas como es tradicional, construido en madera de pino o cedro de primera calidad y muy seco, con las correderas de nogal. Este detalle se observa en los mejores talleres castellanos del siglo XVIII.<\/p>\n<p><img decoding=\"async\" class=\"size-full wp-image-59\" src=\"https:\/\/joaquinlois.com\/proyectoclarin\/wp-content\/uploads\/sites\/4\/2022\/06\/construccion-de-secretos.jpg\" alt=\"Arca de viento, correderas y ventanas valvulas\" width=\"100%\" height=\"auto\"><\/p>\n<p>Disposici\u00f3n&nbsp;crom\u00e1tica de notas y con todos los registros partidos.<\/p>\n<p>El sistema m\u00e1s complejo lo representan los tablones acanalados concilian este orden de las notas con el dibujo de la tuber\u00eda de fachada y que consideramos pieza clave en los \u00f3rganos ib\u00e9ricos.<\/p>\n<p><img decoding=\"async\" class=\"size-full wp-image-60\" src=\"https:\/\/joaquinlois.com\/proyectoclarin\/wp-content\/uploads\/sites\/4\/2022\/06\/construccion-de-tablones-acanalados.jpg\" alt=\"Detalles tablones acanalados\" width=\"100%\" height=\"auto\"><\/p>\n<p>y un secretillo elevado para la Corneta.<br \/>\nConstruidos en madera maciza, muy seca y limpia van acanalados por las dos caras y aseguradas con piel todas las zonas proclives a movimientos de la madera.<br \/>\nTodas estas piezas van cerradas con piel blanca de ovino, de curtido natural, denominada <em>\u201cBaldr\u00e9s\u201d<\/em>, que es la utilizada tradicionalmente en los \u00f3rganos castellanos.<\/p>\n<hr>\n<p><strong>La mec\u00e1nica de notas<\/strong> es siempre suspendida, muy sencilla lo que garantiza una pulsaci\u00f3n suave y sensible que caracter\u00edza a nuestro \u00f3rganos.<\/p>\n<p>Habitualmente con reducci\u00f3n por molinetes y varillaje de madera.<br \/>\nLa mec\u00e1nica de registros es igualmente lo m\u00e1s directa y sencilla posible y dise\u00f1ada seg\u00fan el caso pero con los elementos fundamentales en &nbsp;hierro forjado, y tiradores y bielas de madera.<br \/>\nTodas las partes se &nbsp;construyen seg\u00fan el modelo o siguiendo las t\u00e9cnicas tradicionales.<\/p>\n<p>Se han obviado&nbsp;algunas t\u00e9cnicas por motivos pr\u00e1cticos de seguridad y estabilidad de la mec\u00e1nica, como el uso de clavos de forja en el ajuste de las tapas y correderas en el secreto, etc.<\/p>\n<p><img decoding=\"async\" class=\"size-full wp-image-64\" src=\"https:\/\/joaquinlois.com\/proyectoclarin\/wp-content\/uploads\/sites\/4\/2022\/06\/construccion-de-la-mecanica.jpg\" alt=\"Detalle de forjado, mec\u00e1nica de notas y de registros\" width=\"100%\" height=\"auto\"><\/p>\n<hr>\n<p><strong>Los&nbsp;teclados<\/strong>&nbsp;tienen tambi\u00e9n una atenci\u00f3n muy especial, tanto en su imagen, c\u00f3mo en sus dimensiones y caracter\u00edsticas t\u00e9cnicas para conciliar un tacto preciso suave y sensible&nbsp;con la est\u00e9tica que merece.<\/p>\n<figure id=\"attachment_404\" aria-describedby=\"caption-attachment-404\" style=\"width: 1400px\" class=\"wp-caption alignnone\"><a href=\"https:\/\/joaquinlois.com\/proyectoclarin\/wp-content\/uploads\/sites\/4\/2022\/06\/construccion-teclado_2.jpg\"><img loading=\"lazy\" decoding=\"async\" class=\"size-full wp-image-404\" src=\"https:\/\/joaquinlois.com\/proyectoclarin\/wp-content\/uploads\/sites\/4\/2022\/06\/construccion-teclado_2.jpg\" alt=\"Teclado chapado en hueso o en boj \" width=\"1400\" height=\"232\"><\/a><figcaption id=\"caption-attachment-404\" class=\"wp-caption-text\">Teclado chapado en hueso o en boj<\/figcaption><\/figure>\n<hr>\n<p><strong>La Tuber\u00eda<\/strong> es el cap\u00edtulo en el que se intenta profundizar en mayor medida en sus principios y desarrollo del proceso.<br \/>\nSe atiende a&nbsp;la calidad &nbsp;y medidas del modelo escogido o bien&nbsp;a las de los mejores maestros.<br \/>\nToda la tuber\u00eda de metal est\u00e1 construida en una aleaci\u00f3n de esta\u00f1o y plomo en diferentes aleaciones con buenos espesores de metal y una construcci\u00f3n s\u00f3lida.<br \/>\nEl principio de \u201ctalla \u00fanica\u201d &nbsp;para cada familia de juegos labiales es un principio com\u00fan en los \u00f3rganos castellanos del siglo XVIII.<\/p>\n<figure id=\"attachment_62\" aria-describedby=\"caption-attachment-62\" style=\"width: 1338px\" class=\"wp-caption alignnone\"><img loading=\"lazy\" decoding=\"async\" class=\"wp-image-62 size-full\" src=\"https:\/\/joaquinlois.com\/proyectoclarin\/wp-content\/uploads\/sites\/4\/2022\/06\/construccion-tuberia.jpg\" alt=\"Detalle de tuber\u00eda\" width=\"1338\" height=\"319\"><figcaption id=\"caption-attachment-62\" class=\"wp-caption-text\">Detalles de la tuber\u00eda del Clar\u00edn Opus I<\/figcaption><\/figure>\n<p>En la construcci\u00f3n de una&nbsp;r\u00e9plica se han seguido fielmente todos los par\u00e1metros originales del modelo.<br \/>\nEn todos los casos el metal se ha fundido &nbsp;sobre tela y el cepillado a mano, se hace en sentido trasversal a la longitud del tubo, como es tradici\u00f3n.<\/p>\n<p style=\"text-align: center;\">&nbsp;<\/p>\n<p style=\"text-align: center;\">Fundici\u00f3n de las planchas de metal, labrado a mano y construcci\u00f3n de tuber\u00eda.<\/p>\n<figure id=\"attachment_405\" aria-describedby=\"caption-attachment-405\" style=\"width: 1300px\" class=\"wp-caption alignnone\"><a href=\"https:\/\/joaquinlois.com\/proyectoclarin\/wp-content\/uploads\/sites\/4\/2022\/06\/construccion-tuberia-proyecto-clarin.jpg\"><img loading=\"lazy\" decoding=\"async\" class=\"size-full wp-image-405\" src=\"https:\/\/joaquinlois.com\/proyectoclarin\/wp-content\/uploads\/sites\/4\/2022\/06\/construccion-tuberia-proyecto-clarin.jpg\" alt=\"Trabajando la tuber\u00eda\" width=\"1300\" height=\"347\"><\/a><figcaption id=\"caption-attachment-405\" class=\"wp-caption-text\">Trabajando la tuber\u00eda<\/figcaption><\/figure>\n<p>Las almas son de plomo.<br \/>\nLos registros de leng\u00fceter\u00eda se construyen igualmente con los materiales y tecnicas tradicionales.<br \/>\nLas canillas son con la tapita soldada si se recrea alguna escuela castellana.<\/p>\n<hr>\n<p><strong>Los fuelles<\/strong>,&nbsp;suelen ser dos o tres , de&nbsp;&nbsp;6 pliegues, con sus palancas para entonar. Construidos en madera de pino o cedro y piel \u201cBaldr\u00e9s\u201d blanca (ovino).<\/p>\n<p><img decoding=\"async\" class=\"size-full wp-image-67\" src=\"https:\/\/joaquinlois.com\/proyectoclarin\/wp-content\/uploads\/sites\/4\/2022\/06\/foto_construccion_fuelles_p.jpg\" alt=\"Detalle construcci\u00f3n de fuelles de cu\u00f1a\" width=\"100%\" height=\"auto\"> Detalle construcci\u00f3n de fuelles de cu\u00f1a<\/p>\n<hr>\n<p><strong>La armonizaci\u00f3n<\/strong> y afinaci\u00f3n debe recoger todos los esfuerzos realizados en la construcci\u00f3n de todos los elementos del \u00f3rgano, pues es el objetivo \u00faltimo del trabajo.&nbsp;Se pretende seguir&nbsp;fielmente los principios y el esp\u00edritu de&nbsp;los instrumentos que recreamos.<br \/>\nSe &nbsp;respetan las l\u00edneas principales y detalles del modelo original o de la escuela escogida para cada caso, para obtener el car\u00e1cter en los registros por separados y en el conjunto.<br \/>\nEl diapas\u00f3n y&nbsp;presi\u00f3n del viento se determinan en funci\u00f3n de los exigencias de cada caso pero siempre con presiones bajas.<br \/>\nEl temperamento &nbsp;utilizado en Castilla hasta muy entrado el siglo XIX es el mesot\u00f3nico cl\u00e1sico aunque se plasman otras variantes en funci\u00f3n de los intereses musicales del destinatario.<\/p>\n<figure id=\"attachment_68\" aria-describedby=\"caption-attachment-68\" style=\"width: 800px\" class=\"wp-caption aligncenter\"><img loading=\"lazy\" decoding=\"async\" class=\"wp-image-68 size-full\" src=\"https:\/\/joaquinlois.com\/proyectoclarin\/wp-content\/uploads\/sites\/4\/2022\/06\/foto_construccion_diagrama_p.jpg\" alt=\"Diagrama de intervalos, Francisco de Salinas (1577)\" width=\"800\" height=\"640\"><figcaption id=\"caption-attachment-68\" class=\"wp-caption-text\">Diagrama de intervalos, Francisco de Salinas (1577)<\/figcaption><\/figure>\n","protected":false},"excerpt":{"rendered":"<p>El estudio de la est\u00e9tica, el momento cultural y las t\u00e9cnicas constructivas son el camino para aproximarnos al car\u00e1cter de&nbsp;los \u00f3rganos barrocos espa\u00f1oles. En principio acometer un proyecto de car\u00e1cter historicista en el siglo XXI implica adoptar una postura ciertamente radical ya que en algunos aspectos el retroceder en las t\u00e9cnicas supone un esfuerzo tal [&hellip;]<\/p>\n","protected":false},"author":1,"featured_media":0,"parent":0,"menu_order":0,"comment_status":"closed","ping_status":"closed","template":"page-proyecto-clarin.php","meta":{"_acf_changed":false,"footnotes":""},"class_list":["post-53","page","type-page","status-publish","hentry"],"acf":[],"yoast_head":"<!-- This site is optimized with the Yoast SEO plugin v27.3 - https:\/\/yoast.com\/product\/yoast-seo-wordpress\/ -->\n<title>Construcci\u00f3n_ Filosofia y T\u00e9cnicas - Proyecto Clar\u00edn<\/title>\n<meta name=\"robots\" content=\"noindex, follow, max-snippet:-1, max-image-preview:large, max-video-preview:-1\" \/>\n<meta property=\"og:locale\" content=\"es_ES\" \/>\n<meta property=\"og:type\" content=\"article\" \/>\n<meta property=\"og:title\" content=\"Construcci\u00f3n_ Filosofia y T\u00e9cnicas - Proyecto Clar\u00edn\" \/>\n<meta property=\"og:description\" content=\"El estudio de la est\u00e9tica, el momento cultural y las t\u00e9cnicas constructivas son el camino para aproximarnos al car\u00e1cter de&nbsp;los \u00f3rganos barrocos espa\u00f1oles. En principio acometer un proyecto de car\u00e1cter historicista en el siglo XXI implica adoptar una postura ciertamente radical ya que en algunos aspectos el retroceder en las t\u00e9cnicas supone un esfuerzo tal [&hellip;]\" \/>\n<meta property=\"og:url\" content=\"https:\/\/joaquinlois.com\/proyectoclarin\/construccion\/\" \/>\n<meta property=\"og:site_name\" content=\"Proyecto Clar\u00edn\" \/>\n<meta property=\"article:modified_time\" content=\"2022-06-07T17:39:35+00:00\" \/>\n<meta property=\"og:image\" content=\"https:\/\/joaquinlois.com\/proyectoclarin\/wp-content\/uploads\/sites\/4\/2017\/04\/tallas-clarin-opus-III.jpg\" \/>\n<meta name=\"twitter:card\" content=\"summary_large_image\" \/>\n<meta name=\"twitter:label1\" content=\"Tiempo de lectura\" \/>\n\t<meta name=\"twitter:data1\" content=\"7 minutos\" \/>\n<script type=\"application\/ld+json\" class=\"yoast-schema-graph\">{\"@context\":\"https:\\\/\\\/schema.org\",\"@graph\":[{\"@type\":\"WebPage\",\"@id\":\"https:\\\/\\\/joaquinlois.com\\\/proyectoclarin\\\/construccion\\\/\",\"url\":\"https:\\\/\\\/joaquinlois.com\\\/proyectoclarin\\\/construccion\\\/\",\"name\":\"Construcci\u00f3n_ Filosofia y T\u00e9cnicas - Proyecto Clar\u00edn\",\"isPartOf\":{\"@id\":\"https:\\\/\\\/joaquinlois.com\\\/proyectoclarin\\\/#website\"},\"primaryImageOfPage\":{\"@id\":\"https:\\\/\\\/joaquinlois.com\\\/proyectoclarin\\\/construccion\\\/#primaryimage\"},\"image\":{\"@id\":\"https:\\\/\\\/joaquinlois.com\\\/proyectoclarin\\\/construccion\\\/#primaryimage\"},\"thumbnailUrl\":\"https:\\\/\\\/joaquinlois.com\\\/proyectoclarin\\\/wp-content\\\/uploads\\\/sites\\\/4\\\/2017\\\/04\\\/tallas-clarin-opus-III.jpg\",\"datePublished\":\"2017-04-04T19:32:41+00:00\",\"dateModified\":\"2022-06-07T17:39:35+00:00\",\"inLanguage\":\"es\",\"potentialAction\":[{\"@type\":\"ReadAction\",\"target\":[\"https:\\\/\\\/joaquinlois.com\\\/proyectoclarin\\\/construccion\\\/\"]}]},{\"@type\":\"ImageObject\",\"inLanguage\":\"es\",\"@id\":\"https:\\\/\\\/joaquinlois.com\\\/proyectoclarin\\\/construccion\\\/#primaryimage\",\"url\":\"https:\\\/\\\/joaquinlois.com\\\/proyectoclarin\\\/wp-content\\\/uploads\\\/sites\\\/4\\\/2017\\\/04\\\/tallas-clarin-opus-III.jpg\",\"contentUrl\":\"https:\\\/\\\/joaquinlois.com\\\/proyectoclarin\\\/wp-content\\\/uploads\\\/sites\\\/4\\\/2017\\\/04\\\/tallas-clarin-opus-III.jpg\",\"width\":1300,\"height\":347,\"caption\":\"Trabajos de tallado\"},{\"@type\":\"WebSite\",\"@id\":\"https:\\\/\\\/joaquinlois.com\\\/proyectoclarin\\\/#website\",\"url\":\"https:\\\/\\\/joaquinlois.com\\\/proyectoclarin\\\/\",\"name\":\"Proyecto Clar\u00edn\",\"description\":\"Un \u00d3rgano Barroco Castellano\",\"potentialAction\":[{\"@type\":\"SearchAction\",\"target\":{\"@type\":\"EntryPoint\",\"urlTemplate\":\"https:\\\/\\\/joaquinlois.com\\\/proyectoclarin\\\/?s={search_term_string}\"},\"query-input\":{\"@type\":\"PropertyValueSpecification\",\"valueRequired\":true,\"valueName\":\"search_term_string\"}}],\"inLanguage\":\"es\"}]}<\/script>\n<!-- \/ Yoast SEO plugin. -->","yoast_head_json":{"title":"Construcci\u00f3n_ Filosofia y T\u00e9cnicas - Proyecto Clar\u00edn","robots":{"index":"noindex","follow":"follow","max-snippet":"max-snippet:-1","max-image-preview":"max-image-preview:large","max-video-preview":"max-video-preview:-1"},"og_locale":"es_ES","og_type":"article","og_title":"Construcci\u00f3n_ Filosofia y T\u00e9cnicas - Proyecto Clar\u00edn","og_description":"El estudio de la est\u00e9tica, el momento cultural y las t\u00e9cnicas constructivas son el camino para aproximarnos al car\u00e1cter de&nbsp;los \u00f3rganos barrocos espa\u00f1oles. En principio acometer un proyecto de car\u00e1cter historicista en el siglo XXI implica adoptar una postura ciertamente radical ya que en algunos aspectos el retroceder en las t\u00e9cnicas supone un esfuerzo tal [&hellip;]","og_url":"https:\/\/joaquinlois.com\/proyectoclarin\/construccion\/","og_site_name":"Proyecto Clar\u00edn","article_modified_time":"2022-06-07T17:39:35+00:00","og_image":[{"url":"https:\/\/joaquinlois.com\/proyectoclarin\/wp-content\/uploads\/sites\/4\/2017\/04\/tallas-clarin-opus-III.jpg","type":"","width":"","height":""}],"twitter_card":"summary_large_image","twitter_misc":{"Tiempo de lectura":"7 minutos"},"schema":{"@context":"https:\/\/schema.org","@graph":[{"@type":"WebPage","@id":"https:\/\/joaquinlois.com\/proyectoclarin\/construccion\/","url":"https:\/\/joaquinlois.com\/proyectoclarin\/construccion\/","name":"Construcci\u00f3n_ Filosofia y T\u00e9cnicas - Proyecto Clar\u00edn","isPartOf":{"@id":"https:\/\/joaquinlois.com\/proyectoclarin\/#website"},"primaryImageOfPage":{"@id":"https:\/\/joaquinlois.com\/proyectoclarin\/construccion\/#primaryimage"},"image":{"@id":"https:\/\/joaquinlois.com\/proyectoclarin\/construccion\/#primaryimage"},"thumbnailUrl":"https:\/\/joaquinlois.com\/proyectoclarin\/wp-content\/uploads\/sites\/4\/2017\/04\/tallas-clarin-opus-III.jpg","datePublished":"2017-04-04T19:32:41+00:00","dateModified":"2022-06-07T17:39:35+00:00","inLanguage":"es","potentialAction":[{"@type":"ReadAction","target":["https:\/\/joaquinlois.com\/proyectoclarin\/construccion\/"]}]},{"@type":"ImageObject","inLanguage":"es","@id":"https:\/\/joaquinlois.com\/proyectoclarin\/construccion\/#primaryimage","url":"https:\/\/joaquinlois.com\/proyectoclarin\/wp-content\/uploads\/sites\/4\/2017\/04\/tallas-clarin-opus-III.jpg","contentUrl":"https:\/\/joaquinlois.com\/proyectoclarin\/wp-content\/uploads\/sites\/4\/2017\/04\/tallas-clarin-opus-III.jpg","width":1300,"height":347,"caption":"Trabajos de tallado"},{"@type":"WebSite","@id":"https:\/\/joaquinlois.com\/proyectoclarin\/#website","url":"https:\/\/joaquinlois.com\/proyectoclarin\/","name":"Proyecto Clar\u00edn","description":"Un \u00d3rgano Barroco Castellano","potentialAction":[{"@type":"SearchAction","target":{"@type":"EntryPoint","urlTemplate":"https:\/\/joaquinlois.com\/proyectoclarin\/?s={search_term_string}"},"query-input":{"@type":"PropertyValueSpecification","valueRequired":true,"valueName":"search_term_string"}}],"inLanguage":"es"}]}},"_links":{"self":[{"href":"https:\/\/joaquinlois.com\/proyectoclarin\/wp-json\/wp\/v2\/pages\/53","targetHints":{"allow":["GET"]}}],"collection":[{"href":"https:\/\/joaquinlois.com\/proyectoclarin\/wp-json\/wp\/v2\/pages"}],"about":[{"href":"https:\/\/joaquinlois.com\/proyectoclarin\/wp-json\/wp\/v2\/types\/page"}],"author":[{"embeddable":true,"href":"https:\/\/joaquinlois.com\/proyectoclarin\/wp-json\/wp\/v2\/users\/1"}],"replies":[{"embeddable":true,"href":"https:\/\/joaquinlois.com\/proyectoclarin\/wp-json\/wp\/v2\/comments?post=53"}],"version-history":[{"count":6,"href":"https:\/\/joaquinlois.com\/proyectoclarin\/wp-json\/wp\/v2\/pages\/53\/revisions"}],"predecessor-version":[{"id":1257,"href":"https:\/\/joaquinlois.com\/proyectoclarin\/wp-json\/wp\/v2\/pages\/53\/revisions\/1257"}],"wp:attachment":[{"href":"https:\/\/joaquinlois.com\/proyectoclarin\/wp-json\/wp\/v2\/media?parent=53"}],"curies":[{"name":"wp","href":"https:\/\/api.w.org\/{rel}","templated":true}]}}