{"id":825,"date":"2017-04-04T15:16:20","date_gmt":"2017-04-04T15:16:20","guid":{"rendered":"https:\/\/joaquinlois.com\/proyectoclarin\/proyecto-clarin\/"},"modified":"2022-06-02T10:22:08","modified_gmt":"2022-06-02T10:22:08","slug":"clarin-project","status":"publish","type":"page","link":"https:\/\/joaquinlois.com\/proyectoclarin\/en\/clarin-project\/","title":{"rendered":"Proyecto Clar\u00edn"},"content":{"rendered":"<div id=\"introduccion2\">\n<div id=\"introduccion2\">\n<h2>What is the Clar\u00edn project?<\/h2>\n<hr>\n<div id=\"introduccion2 \" class=\"row\">\n<div id=\" destacados\" class=\"col-md-4 destacados\">\n<p>From the heart of Castile, we offer our services in the construction of organs in the purest <a href=\"#estilo\">style of the Iberian instruments<\/a> from the 17th and 18th centuries.<\/p>\n<\/div>\n<div id=\" destacados\" class=\"col-md-4 destacados\">\n<p>We build copies of historical Iberian organs, models we have previous experience with and newly designed models.<\/p>\n<\/div>\n<div id=\" destacados\" class=\"col-md-4 destacados\">\n<p>Technique and passion at the service of the Iberian repertoire and Baroque music.<\/p>\n<\/div>\n<\/div>\n<hr>\n<h2>The Aim of the Project<\/h2>\n<div class=\"row\">\n<div class=\" destacados objetivo col-md-12\">\n<p style=\"text-align: center;\">With the Clar\u00edn Project, our workshop wants&nbsp;to supply&nbsp;instruments suitable for the study and performance of &nbsp;Iberian organ music to environments&nbsp;where this discipline could developed&nbsp;but&nbsp;there&nbsp;are no organs of this style available. Thus, we provide our technical and aesthetic knowledge of the Spanish organs from the 18th century.<\/p>\n<\/div>\n<\/div>\n<\/div>\n<div class=\"row\"><\/div>\n<div class=\"col-full-width\"><\/div>\n<hr>\n<p><img loading=\"lazy\" decoding=\"async\" class=\"clarin-foto size-thumbnail wp-image-26 aligncenter\" src=\"https:\/\/joaquinlois.com\/proyectoclarin\/wp-content\/uploads\/sites\/4\/2017\/04\/spanish-organ-150x150.jpg\" alt=\"\" width=\"150\" height=\"150\"><\/p>\n<h4 class=\"ver_organos\"><strong><a href=\"https:\/\/joaquinlois.com\/proyectoclarin\/en\/los-organos\/\">Organs built for the Clar\u00edn Project<\/a><\/strong><\/h4>\n<div id=\"estilo\"><\/div>\n<hr>\n<h2><a href=\"https:\/\/joaquinlois.com\/proyectoclarin\/en\/the-style\/\">The&nbsp;Style<\/a><\/h2>\n<div class=\" destacados objetivo col-md-12\">\n<p style=\"text-align: center;\">The Spanish Baroque organ has well defined and peculiar characteristics which distinguish it from the instruments that came before and from its European contemporaries. Based on this organ style, it exists&nbsp;a particular repertoire that&nbsp;takes on its full meaning when it is performed using&nbsp;the appropriate&nbsp;instrument. Although the divided stops, horizontal reeds and meantone temperament are its most important formal features, there is more, for&nbsp;the emission of sounds<strong>&nbsp;<\/strong>of the pipes, the timbral features and the harmonic balance of the stops are also determining in a style that bustles&nbsp;with originality and inspiration.<\/p>\n<p style=\"text-align: center;\">\n<\/div>\n<p style=\"text-align: center;\"><em><a href=\"https:\/\/joaquinlois.com\/proyectoclarin\/en\/el-estilo\/\">More information about the Castilian Baroque organs<\/a><\/em><\/p>\n<p><img decoding=\"async\" src=\"https:\/\/joaquinlois.com\/proyectoclarin\/wp-content\/uploads\/sites\/4\/2017\/04\/foto-correa.jpg\" alt=\"Correa de Arauxo\" width=\"100%\" height=\"auto\"><\/p>\n<div class=\"piedefoto\"><em>Facultad Org\u00e1nica <\/em>(1626) by&nbsp;Francisco Correa de Arauxo.<\/div>\n<\/div>\n","protected":false},"excerpt":{"rendered":"<p>What is the Clar\u00edn project? From the heart of Castile, we offer our services in the construction of organs in the purest style of the Iberian instruments from the 17th and 18th centuries. We build copies of historical Iberian organs, models we have previous experience with and newly designed models. Technique and passion at the [&hellip;]<\/p>\n","protected":false},"author":1,"featured_media":917,"parent":0,"menu_order":0,"comment_status":"closed","ping_status":"closed","template":"page-proyecto-clarin.php","meta":{"_acf_changed":false,"footnotes":""},"class_list":["post-825","page","type-page","status-publish","has-post-thumbnail","hentry"],"acf":[],"yoast_head":"<!-- This site is optimized with the Yoast SEO plugin v27.3 - https:\/\/yoast.com\/product\/yoast-seo-wordpress\/ -->\n<title>\u00bfQue es Proyecto Clar\u00edn? \u00d3rganos barrocos por el taller de Joaqu\u00edn Lois<\/title>\n<meta name=\"description\" content=\"Copias de \u00f3rganos hist\u00f3ricos ib\u00e9ricos, modelos ya experimentados o de nueva concepci\u00f3n. T\u00e9cnica y esp\u00edritu al servicio del repertorio ib\u00e9rico.\" \/>\n<meta name=\"robots\" content=\"noindex, follow, max-snippet:-1, max-image-preview:large, max-video-preview:-1\" \/>\n<meta property=\"og:locale\" content=\"en_US\" \/>\n<meta property=\"og:type\" content=\"article\" \/>\n<meta property=\"og:title\" content=\"\u00bfQue es Proyecto Clar\u00edn? \u00d3rganos barrocos por el taller de Joaqu\u00edn Lois\" \/>\n<meta property=\"og:description\" content=\"Copias de \u00f3rganos hist\u00f3ricos ib\u00e9ricos, modelos ya experimentados o de nueva concepci\u00f3n. T\u00e9cnica y esp\u00edritu al servicio del repertorio ib\u00e9rico.\" \/>\n<meta property=\"og:url\" content=\"https:\/\/joaquinlois.com\/proyectoclarin\/en\/clarin-project\/\" \/>\n<meta property=\"og:site_name\" content=\"Proyecto Clar\u00edn\" \/>\n<meta property=\"article:modified_time\" content=\"2022-06-02T10:22:08+00:00\" \/>\n<meta property=\"og:image\" content=\"https:\/\/joaquinlois.com\/proyectoclarin\/wp-content\/uploads\/sites\/4\/2017\/04\/que-es-proyecto-clarin-joaquin-lois.jpg\" \/>\n<meta name=\"twitter:card\" content=\"summary_large_image\" \/>\n<meta name=\"twitter:label1\" content=\"Est. reading time\" \/>\n\t<meta name=\"twitter:data1\" content=\"2 minutes\" \/>\n<script type=\"application\/ld+json\" class=\"yoast-schema-graph\">{\"@context\":\"https:\\\/\\\/schema.org\",\"@graph\":[{\"@type\":\"WebPage\",\"@id\":\"https:\\\/\\\/joaquinlois.com\\\/proyectoclarin\\\/en\\\/clarin-project\\\/\",\"url\":\"https:\\\/\\\/joaquinlois.com\\\/proyectoclarin\\\/en\\\/clarin-project\\\/\",\"name\":\"\u00bfQue es Proyecto Clar\u00edn? \u00d3rganos barrocos por el taller de Joaqu\u00edn Lois\",\"isPartOf\":{\"@id\":\"https:\\\/\\\/joaquinlois.com\\\/proyectoclarin\\\/#website\"},\"primaryImageOfPage\":{\"@id\":\"https:\\\/\\\/joaquinlois.com\\\/proyectoclarin\\\/en\\\/clarin-project\\\/#primaryimage\"},\"image\":{\"@id\":\"https:\\\/\\\/joaquinlois.com\\\/proyectoclarin\\\/en\\\/clarin-project\\\/#primaryimage\"},\"thumbnailUrl\":\"https:\\\/\\\/joaquinlois.com\\\/proyectoclarin\\\/wp-content\\\/uploads\\\/sites\\\/4\\\/2022\\\/06\\\/what-is-the-clarin-project-joaquin-lois.jpg\",\"datePublished\":\"2017-04-04T15:16:20+00:00\",\"dateModified\":\"2022-06-02T10:22:08+00:00\",\"description\":\"Copias de \u00f3rganos hist\u00f3ricos ib\u00e9ricos, modelos ya experimentados o de nueva concepci\u00f3n. T\u00e9cnica y esp\u00edritu al servicio del repertorio ib\u00e9rico.\",\"inLanguage\":\"en-US\",\"potentialAction\":[{\"@type\":\"ReadAction\",\"target\":[\"https:\\\/\\\/joaquinlois.com\\\/proyectoclarin\\\/en\\\/clarin-project\\\/\"]}]},{\"@type\":\"ImageObject\",\"inLanguage\":\"en-US\",\"@id\":\"https:\\\/\\\/joaquinlois.com\\\/proyectoclarin\\\/en\\\/clarin-project\\\/#primaryimage\",\"url\":\"https:\\\/\\\/joaquinlois.com\\\/proyectoclarin\\\/wp-content\\\/uploads\\\/sites\\\/4\\\/2022\\\/06\\\/what-is-the-clarin-project-joaquin-lois.jpg\",\"contentUrl\":\"https:\\\/\\\/joaquinlois.com\\\/proyectoclarin\\\/wp-content\\\/uploads\\\/sites\\\/4\\\/2022\\\/06\\\/what-is-the-clarin-project-joaquin-lois.jpg\",\"width\":1200,\"height\":630,\"caption\":\"What is the Clarin project? Spanish baroque organs\"},{\"@type\":\"WebSite\",\"@id\":\"https:\\\/\\\/joaquinlois.com\\\/proyectoclarin\\\/#website\",\"url\":\"https:\\\/\\\/joaquinlois.com\\\/proyectoclarin\\\/\",\"name\":\"Proyecto Clar\u00edn\",\"description\":\"Un \u00d3rgano Barroco Castellano\",\"potentialAction\":[{\"@type\":\"SearchAction\",\"target\":{\"@type\":\"EntryPoint\",\"urlTemplate\":\"https:\\\/\\\/joaquinlois.com\\\/proyectoclarin\\\/?s={search_term_string}\"},\"query-input\":{\"@type\":\"PropertyValueSpecification\",\"valueRequired\":true,\"valueName\":\"search_term_string\"}}],\"inLanguage\":\"en-US\"}]}<\/script>\n<!-- \/ Yoast SEO plugin. -->","yoast_head_json":{"title":"\u00bfQue es Proyecto Clar\u00edn? \u00d3rganos barrocos por el taller de Joaqu\u00edn Lois","description":"Copias de \u00f3rganos hist\u00f3ricos ib\u00e9ricos, modelos ya experimentados o de nueva concepci\u00f3n. T\u00e9cnica y esp\u00edritu al servicio del repertorio ib\u00e9rico.","robots":{"index":"noindex","follow":"follow","max-snippet":"max-snippet:-1","max-image-preview":"max-image-preview:large","max-video-preview":"max-video-preview:-1"},"og_locale":"en_US","og_type":"article","og_title":"\u00bfQue es Proyecto Clar\u00edn? \u00d3rganos barrocos por el taller de Joaqu\u00edn Lois","og_description":"Copias de \u00f3rganos hist\u00f3ricos ib\u00e9ricos, modelos ya experimentados o de nueva concepci\u00f3n. T\u00e9cnica y esp\u00edritu al servicio del repertorio ib\u00e9rico.","og_url":"https:\/\/joaquinlois.com\/proyectoclarin\/en\/clarin-project\/","og_site_name":"Proyecto Clar\u00edn","article_modified_time":"2022-06-02T10:22:08+00:00","og_image":[{"url":"https:\/\/joaquinlois.com\/proyectoclarin\/wp-content\/uploads\/sites\/4\/2017\/04\/que-es-proyecto-clarin-joaquin-lois.jpg","type":"","width":"","height":""}],"twitter_card":"summary_large_image","twitter_misc":{"Est. reading time":"2 minutes"},"schema":{"@context":"https:\/\/schema.org","@graph":[{"@type":"WebPage","@id":"https:\/\/joaquinlois.com\/proyectoclarin\/en\/clarin-project\/","url":"https:\/\/joaquinlois.com\/proyectoclarin\/en\/clarin-project\/","name":"\u00bfQue es Proyecto Clar\u00edn? \u00d3rganos barrocos por el taller de Joaqu\u00edn Lois","isPartOf":{"@id":"https:\/\/joaquinlois.com\/proyectoclarin\/#website"},"primaryImageOfPage":{"@id":"https:\/\/joaquinlois.com\/proyectoclarin\/en\/clarin-project\/#primaryimage"},"image":{"@id":"https:\/\/joaquinlois.com\/proyectoclarin\/en\/clarin-project\/#primaryimage"},"thumbnailUrl":"https:\/\/joaquinlois.com\/proyectoclarin\/wp-content\/uploads\/sites\/4\/2022\/06\/what-is-the-clarin-project-joaquin-lois.jpg","datePublished":"2017-04-04T15:16:20+00:00","dateModified":"2022-06-02T10:22:08+00:00","description":"Copias de \u00f3rganos hist\u00f3ricos ib\u00e9ricos, modelos ya experimentados o de nueva concepci\u00f3n. T\u00e9cnica y esp\u00edritu al servicio del repertorio ib\u00e9rico.","inLanguage":"en-US","potentialAction":[{"@type":"ReadAction","target":["https:\/\/joaquinlois.com\/proyectoclarin\/en\/clarin-project\/"]}]},{"@type":"ImageObject","inLanguage":"en-US","@id":"https:\/\/joaquinlois.com\/proyectoclarin\/en\/clarin-project\/#primaryimage","url":"https:\/\/joaquinlois.com\/proyectoclarin\/wp-content\/uploads\/sites\/4\/2022\/06\/what-is-the-clarin-project-joaquin-lois.jpg","contentUrl":"https:\/\/joaquinlois.com\/proyectoclarin\/wp-content\/uploads\/sites\/4\/2022\/06\/what-is-the-clarin-project-joaquin-lois.jpg","width":1200,"height":630,"caption":"What is the Clarin project? Spanish baroque organs"},{"@type":"WebSite","@id":"https:\/\/joaquinlois.com\/proyectoclarin\/#website","url":"https:\/\/joaquinlois.com\/proyectoclarin\/","name":"Proyecto Clar\u00edn","description":"Un \u00d3rgano Barroco Castellano","potentialAction":[{"@type":"SearchAction","target":{"@type":"EntryPoint","urlTemplate":"https:\/\/joaquinlois.com\/proyectoclarin\/?s={search_term_string}"},"query-input":{"@type":"PropertyValueSpecification","valueRequired":true,"valueName":"search_term_string"}}],"inLanguage":"en-US"}]}},"_links":{"self":[{"href":"https:\/\/joaquinlois.com\/proyectoclarin\/en\/wp-json\/wp\/v2\/pages\/825","targetHints":{"allow":["GET"]}}],"collection":[{"href":"https:\/\/joaquinlois.com\/proyectoclarin\/en\/wp-json\/wp\/v2\/pages"}],"about":[{"href":"https:\/\/joaquinlois.com\/proyectoclarin\/en\/wp-json\/wp\/v2\/types\/page"}],"author":[{"embeddable":true,"href":"https:\/\/joaquinlois.com\/proyectoclarin\/en\/wp-json\/wp\/v2\/users\/1"}],"replies":[{"embeddable":true,"href":"https:\/\/joaquinlois.com\/proyectoclarin\/en\/wp-json\/wp\/v2\/comments?post=825"}],"version-history":[{"count":2,"href":"https:\/\/joaquinlois.com\/proyectoclarin\/en\/wp-json\/wp\/v2\/pages\/825\/revisions"}],"predecessor-version":[{"id":1130,"href":"https:\/\/joaquinlois.com\/proyectoclarin\/en\/wp-json\/wp\/v2\/pages\/825\/revisions\/1130"}],"wp:featuredmedia":[{"embeddable":true,"href":"https:\/\/joaquinlois.com\/proyectoclarin\/en\/wp-json\/wp\/v2\/media\/917"}],"wp:attachment":[{"href":"https:\/\/joaquinlois.com\/proyectoclarin\/en\/wp-json\/wp\/v2\/media?parent=825"}],"curies":[{"name":"wp","href":"https:\/\/api.w.org\/{rel}","templated":true}]}}