{"id":1119,"date":"2017-04-04T15:15:32","date_gmt":"2017-04-04T15:15:32","guid":{"rendered":"https:\/\/joaquinlois.com\/proyectoclarin\/home\/"},"modified":"2022-06-02T10:16:16","modified_gmt":"2022-06-02T10:16:16","slug":"home","status":"publish","type":"page","link":"https:\/\/joaquinlois.com\/proyectoclarin\/en\/","title":{"rendered":"Home"},"content":{"rendered":"<hgroup>\n<h1>Spanish<br \/>\nBaroque Organs<\/h1>\n<h2>The spirit of a style<\/h2>\n<div id=\"destacados\" class=\" destacados\">\n<p>From the heart of Castile, we offer our services in the construction of <a href=\"https:\/\/joaquinlois.com\/proyectoclarin\/en\/organs\/\">organs<\/a> in the <a href=\"https:\/\/joaquinlois.com\/proyectoclarin\/en\/the-style\/\">purest style<\/a> of the Iberian instruments from the 17th and 18th centuries.<\/p>\n<\/div>\n<div class=\" destacados\"><a href=\"https:\/\/joaquinlois.com\/proyectoclarin\/en\/clarin-project\/\">More information<\/a><\/div>\n<\/hgroup>\n<p><img loading=\"lazy\" decoding=\"async\" class=\"aligncenter wp-image-1007 size-full\" title=\"Un \u00f3rgano barroco espa\u00f1ol\" src=\"https:\/\/joaquinlois.com\/proyectoclarin\/wp-content\/uploads\/sites\/4\/2022\/06\/spanish-organ.jpg\" alt=\"Un \u00f3rgano Barroco Espa\u00f1ol - Taller de organer\u00eda de Joaqu\u00edn Lois\" width=\"700\" height=\"725\" srcset=\"https:\/\/joaquinlois.com\/proyectoclarin\/wp-content\/uploads\/sites\/4\/2022\/06\/spanish-organ.jpg 700w, https:\/\/joaquinlois.com\/proyectoclarin\/wp-content\/uploads\/sites\/4\/2022\/06\/spanish-organ-290x300.jpg 290w\" sizes=\"auto, (max-width: 700px) 100vw, 700px\" \/><\/p>\n","protected":false},"excerpt":{"rendered":"<p>Spanish Baroque Organs The spirit of a style From the heart of Castile, we offer our services in the construction of organs in the purest style of the Iberian instruments from the 17th and 18th centuries. More information<\/p>\n","protected":false},"author":1,"featured_media":860,"parent":0,"menu_order":0,"comment_status":"closed","ping_status":"closed","template":"page-proyecto-clarin.php","meta":{"_acf_changed":false,"footnotes":""},"class_list":["post-1119","page","type-page","status-publish","has-post-thumbnail","hentry"],"acf":[],"yoast_head":"<!-- This site is optimized with the Yoast SEO plugin v27.3 - https:\/\/yoast.com\/product\/yoast-seo-wordpress\/ -->\n<title>Spanish Baroque Organs from the heart of Castile by Joaqu\u00edn Lois<\/title>\n<meta name=\"description\" content=\"We offer our services in the construction of spanish baroque organs to supply instruments for the study and performance of Iberian organ music.\" \/>\n<meta name=\"robots\" content=\"noindex, follow, max-snippet:-1, max-image-preview:large, max-video-preview:-1\" \/>\n<meta property=\"og:locale\" content=\"en_US\" \/>\n<meta property=\"og:type\" content=\"article\" \/>\n<meta property=\"og:title\" content=\"Un \u00d3rgano Barroco Castellano por el taller de organer\u00eda de Joaqu\u00edn Lois\" \/>\n<meta property=\"og:description\" content=\"Desde el coraz\u00f3n de Castilla, ofrecemos la construcci\u00f3n de \u00f3rganos en el m\u00e1s puro estilo de los instrumentos Ib\u00e9ricos del siglo XVII y XVIII.\" \/>\n<meta property=\"og:url\" content=\"https:\/\/joaquinlois.com\/proyectoclarin\/en\/\" \/>\n<meta property=\"og:site_name\" content=\"Proyecto Clar\u00edn\" \/>\n<meta property=\"article:modified_time\" content=\"2022-06-02T10:16:16+00:00\" \/>\n<meta property=\"og:image\" content=\"https:\/\/joaquinlois.com\/proyectoclarin\/wp-content\/uploads\/sites\/4\/2017\/04\/clarin-project-spanish-baroque-organs-me-fecit.jpg\" \/>\n<meta name=\"twitter:card\" content=\"summary_large_image\" \/>\n<meta name=\"twitter:label1\" content=\"Est. reading time\" \/>\n\t<meta name=\"twitter:data1\" content=\"1 minute\" \/>\n<script type=\"application\/ld+json\" class=\"yoast-schema-graph\">{\"@context\":\"https:\\\/\\\/schema.org\",\"@graph\":[{\"@type\":\"WebPage\",\"@id\":\"https:\\\/\\\/joaquinlois.com\\\/proyectoclarin\\\/en\\\/\",\"url\":\"https:\\\/\\\/joaquinlois.com\\\/proyectoclarin\\\/en\\\/\",\"name\":\"Spanish Baroque Organs from the heart of Castile by Joaqu\u00edn Lois\",\"isPartOf\":{\"@id\":\"https:\\\/\\\/joaquinlois.com\\\/proyectoclarin\\\/#website\"},\"primaryImageOfPage\":{\"@id\":\"https:\\\/\\\/joaquinlois.com\\\/proyectoclarin\\\/en\\\/#primaryimage\"},\"image\":{\"@id\":\"https:\\\/\\\/joaquinlois.com\\\/proyectoclarin\\\/en\\\/#primaryimage\"},\"thumbnailUrl\":\"https:\\\/\\\/joaquinlois.com\\\/proyectoclarin\\\/wp-content\\\/uploads\\\/sites\\\/4\\\/2022\\\/06\\\/clarin-project-spanish-baroque-organs-medidas.jpg\",\"datePublished\":\"2017-04-04T15:15:32+00:00\",\"dateModified\":\"2022-06-02T10:16:16+00:00\",\"description\":\"We offer our services in the construction of spanish baroque organs to supply instruments for the study and performance of Iberian organ music.\",\"inLanguage\":\"en-US\",\"potentialAction\":[{\"@type\":\"ReadAction\",\"target\":[\"https:\\\/\\\/joaquinlois.com\\\/proyectoclarin\\\/en\\\/\"]}]},{\"@type\":\"ImageObject\",\"inLanguage\":\"en-US\",\"@id\":\"https:\\\/\\\/joaquinlois.com\\\/proyectoclarin\\\/en\\\/#primaryimage\",\"url\":\"https:\\\/\\\/joaquinlois.com\\\/proyectoclarin\\\/wp-content\\\/uploads\\\/sites\\\/4\\\/2022\\\/06\\\/clarin-project-spanish-baroque-organs-medidas.jpg\",\"contentUrl\":\"https:\\\/\\\/joaquinlois.com\\\/proyectoclarin\\\/wp-content\\\/uploads\\\/sites\\\/4\\\/2022\\\/06\\\/clarin-project-spanish-baroque-organs-medidas.jpg\",\"width\":1200,\"height\":631},{\"@type\":\"WebSite\",\"@id\":\"https:\\\/\\\/joaquinlois.com\\\/proyectoclarin\\\/#website\",\"url\":\"https:\\\/\\\/joaquinlois.com\\\/proyectoclarin\\\/\",\"name\":\"Proyecto Clar\u00edn\",\"description\":\"Un \u00d3rgano Barroco Castellano\",\"potentialAction\":[{\"@type\":\"SearchAction\",\"target\":{\"@type\":\"EntryPoint\",\"urlTemplate\":\"https:\\\/\\\/joaquinlois.com\\\/proyectoclarin\\\/?s={search_term_string}\"},\"query-input\":{\"@type\":\"PropertyValueSpecification\",\"valueRequired\":true,\"valueName\":\"search_term_string\"}}],\"inLanguage\":\"en-US\"}]}<\/script>\n<!-- \/ Yoast SEO plugin. -->","yoast_head_json":{"title":"Spanish Baroque Organs from the heart of Castile by Joaqu\u00edn Lois","description":"We offer our services in the construction of spanish baroque organs to supply instruments for the study and performance of Iberian organ music.","robots":{"index":"noindex","follow":"follow","max-snippet":"max-snippet:-1","max-image-preview":"max-image-preview:large","max-video-preview":"max-video-preview:-1"},"og_locale":"en_US","og_type":"article","og_title":"Un \u00d3rgano Barroco Castellano por el taller de organer\u00eda de Joaqu\u00edn Lois","og_description":"Desde el coraz\u00f3n de Castilla, ofrecemos la construcci\u00f3n de \u00f3rganos en el m\u00e1s puro estilo de los instrumentos Ib\u00e9ricos del siglo XVII y XVIII.","og_url":"https:\/\/joaquinlois.com\/proyectoclarin\/en\/","og_site_name":"Proyecto Clar\u00edn","article_modified_time":"2022-06-02T10:16:16+00:00","og_image":[{"url":"https:\/\/joaquinlois.com\/proyectoclarin\/wp-content\/uploads\/sites\/4\/2017\/04\/clarin-project-spanish-baroque-organs-me-fecit.jpg","type":"","width":"","height":""}],"twitter_card":"summary_large_image","twitter_misc":{"Est. reading time":"1 minute"},"schema":{"@context":"https:\/\/schema.org","@graph":[{"@type":"WebPage","@id":"https:\/\/joaquinlois.com\/proyectoclarin\/en\/","url":"https:\/\/joaquinlois.com\/proyectoclarin\/en\/","name":"Spanish Baroque Organs from the heart of Castile by Joaqu\u00edn Lois","isPartOf":{"@id":"https:\/\/joaquinlois.com\/proyectoclarin\/#website"},"primaryImageOfPage":{"@id":"https:\/\/joaquinlois.com\/proyectoclarin\/en\/#primaryimage"},"image":{"@id":"https:\/\/joaquinlois.com\/proyectoclarin\/en\/#primaryimage"},"thumbnailUrl":"https:\/\/joaquinlois.com\/proyectoclarin\/wp-content\/uploads\/sites\/4\/2022\/06\/clarin-project-spanish-baroque-organs-medidas.jpg","datePublished":"2017-04-04T15:15:32+00:00","dateModified":"2022-06-02T10:16:16+00:00","description":"We offer our services in the construction of spanish baroque organs to supply instruments for the study and performance of Iberian organ music.","inLanguage":"en-US","potentialAction":[{"@type":"ReadAction","target":["https:\/\/joaquinlois.com\/proyectoclarin\/en\/"]}]},{"@type":"ImageObject","inLanguage":"en-US","@id":"https:\/\/joaquinlois.com\/proyectoclarin\/en\/#primaryimage","url":"https:\/\/joaquinlois.com\/proyectoclarin\/wp-content\/uploads\/sites\/4\/2022\/06\/clarin-project-spanish-baroque-organs-medidas.jpg","contentUrl":"https:\/\/joaquinlois.com\/proyectoclarin\/wp-content\/uploads\/sites\/4\/2022\/06\/clarin-project-spanish-baroque-organs-medidas.jpg","width":1200,"height":631},{"@type":"WebSite","@id":"https:\/\/joaquinlois.com\/proyectoclarin\/#website","url":"https:\/\/joaquinlois.com\/proyectoclarin\/","name":"Proyecto Clar\u00edn","description":"Un \u00d3rgano Barroco Castellano","potentialAction":[{"@type":"SearchAction","target":{"@type":"EntryPoint","urlTemplate":"https:\/\/joaquinlois.com\/proyectoclarin\/?s={search_term_string}"},"query-input":{"@type":"PropertyValueSpecification","valueRequired":true,"valueName":"search_term_string"}}],"inLanguage":"en-US"}]}},"_links":{"self":[{"href":"https:\/\/joaquinlois.com\/proyectoclarin\/en\/wp-json\/wp\/v2\/pages\/1119","targetHints":{"allow":["GET"]}}],"collection":[{"href":"https:\/\/joaquinlois.com\/proyectoclarin\/en\/wp-json\/wp\/v2\/pages"}],"about":[{"href":"https:\/\/joaquinlois.com\/proyectoclarin\/en\/wp-json\/wp\/v2\/types\/page"}],"author":[{"embeddable":true,"href":"https:\/\/joaquinlois.com\/proyectoclarin\/en\/wp-json\/wp\/v2\/users\/1"}],"replies":[{"embeddable":true,"href":"https:\/\/joaquinlois.com\/proyectoclarin\/en\/wp-json\/wp\/v2\/comments?post=1119"}],"version-history":[{"count":4,"href":"https:\/\/joaquinlois.com\/proyectoclarin\/en\/wp-json\/wp\/v2\/pages\/1119\/revisions"}],"predecessor-version":[{"id":1126,"href":"https:\/\/joaquinlois.com\/proyectoclarin\/en\/wp-json\/wp\/v2\/pages\/1119\/revisions\/1126"}],"wp:featuredmedia":[{"embeddable":true,"href":"https:\/\/joaquinlois.com\/proyectoclarin\/en\/wp-json\/wp\/v2\/media\/860"}],"wp:attachment":[{"href":"https:\/\/joaquinlois.com\/proyectoclarin\/en\/wp-json\/wp\/v2\/media?parent=1119"}],"curies":[{"name":"wp","href":"https:\/\/api.w.org\/{rel}","templated":true}]}}