{"id":1125,"date":"2017-04-04T15:15:32","date_gmt":"2017-04-04T15:15:32","guid":{"rendered":"https:\/\/joaquinlois.com\/proyectoclarin\/home\/"},"modified":"2022-06-02T12:39:39","modified_gmt":"2022-06-02T12:39:39","slug":"home","status":"publish","type":"page","link":"https:\/\/joaquinlois.com\/proyectoclarin\/de\/","title":{"rendered":"Home"},"content":{"rendered":"<hgroup>\n<h1>Eine Spanische<br \/>\nBarockorgel<\/h1>\n<h2>Der Geist<br \/>\neiner Stilrichtung<\/h2>\n<\/hgroup>\n<div id=\"destacados\" class=\" destacados\">\n<p>From the heart of Castile, we offer our services in the construction of <a href=\"https:\/\/joaquinlois.com\/proyectoclarin\/en\/organs\/\">organs<\/a> in the <a href=\"https:\/\/joaquinlois.com\/proyectoclarin\/en\/the-style\/\">purest style<\/a> of the Iberian instruments from the 17th and 18th centuries.<\/p>\n<\/div>\n<div class=\" destacados\"><a href=\"https:\/\/joaquinlois.com\/proyectoclarin\/en\/clarin-project\/\">More information<\/a><\/div>\n<p><img loading=\"lazy\" decoding=\"async\" class=\"aligncenter wp-image-1007 size-full\" title=\"Un \u00f3rgano barroco espa\u00f1ol\" src=\"https:\/\/joaquinlois.com\/proyectoclarin\/wp-content\/uploads\/sites\/4\/2022\/06\/spanish-organ.jpg\" alt=\"Un \u00f3rgano Barroco Espa\u00f1ol - Taller de organer\u00eda de Joaqu\u00edn Lois\" width=\"700\" height=\"725\" srcset=\"https:\/\/joaquinlois.com\/proyectoclarin\/wp-content\/uploads\/sites\/4\/2022\/06\/spanish-organ.jpg 700w, https:\/\/joaquinlois.com\/proyectoclarin\/wp-content\/uploads\/sites\/4\/2022\/06\/spanish-organ-290x300.jpg 290w\" sizes=\"auto, (max-width: 700px) 100vw, 700px\" \/><\/p>\n","protected":false},"excerpt":{"rendered":"<p>Eine Spanische Barockorgel Der Geist einer Stilrichtung From the heart of Castile, we offer our services in the construction of organs in the purest style of the Iberian instruments from the 17th and 18th centuries. More information<\/p>\n","protected":false},"author":1,"featured_media":861,"parent":0,"menu_order":0,"comment_status":"closed","ping_status":"closed","template":"page-proyecto-clarin.php","meta":{"_acf_changed":false,"footnotes":""},"class_list":["post-1125","page","type-page","status-publish","has-post-thumbnail","hentry"],"acf":[],"yoast_head":"<!-- This site is optimized with the Yoast SEO plugin v27.3 - https:\/\/yoast.com\/product\/yoast-seo-wordpress\/ -->\n<title>Eine Spanische Barockorgel Der Orgelwerkstat Joaqu\u00edn Lois Cabello<\/title>\n<meta name=\"description\" content=\"We offer our services in the construction of organs in the purest style of the Iberian instruments from the 17th and 18th centuries.\" \/>\n<meta name=\"robots\" content=\"noindex, follow, max-snippet:-1, max-image-preview:large, max-video-preview:-1\" \/>\n<meta property=\"og:locale\" content=\"de_DE\" \/>\n<meta property=\"og:type\" content=\"article\" \/>\n<meta property=\"og:title\" content=\"Un \u00d3rgano Barroco Castellano por el taller de organer\u00eda de Joaqu\u00edn Lois\" \/>\n<meta property=\"og:description\" content=\"Desde el coraz\u00f3n de Castilla, ofrecemos la construcci\u00f3n de \u00f3rganos en el m\u00e1s puro estilo de los instrumentos Ib\u00e9ricos del siglo XVII y XVIII.\" \/>\n<meta property=\"og:url\" content=\"https:\/\/joaquinlois.com\/proyectoclarin\/de\/\" \/>\n<meta property=\"og:site_name\" content=\"Proyecto Clar\u00edn\" \/>\n<meta property=\"article:modified_time\" content=\"2022-06-02T12:39:39+00:00\" \/>\n<meta property=\"og:image\" content=\"https:\/\/joaquinlois.com\/proyectoclarin\/wp-content\/uploads\/sites\/4\/2017\/04\/clarin-project-spanish-baroque-organs-me-fecit.jpg\" \/>\n<meta name=\"twitter:card\" content=\"summary_large_image\" \/>\n<meta name=\"twitter:label1\" content=\"Gesch\u00e4tzte Lesezeit\" \/>\n\t<meta name=\"twitter:data1\" content=\"1\u00a0Minute\" \/>\n<script type=\"application\/ld+json\" class=\"yoast-schema-graph\">{\"@context\":\"https:\\\/\\\/schema.org\",\"@graph\":[{\"@type\":\"WebPage\",\"@id\":\"https:\\\/\\\/joaquinlois.com\\\/proyectoclarin\\\/de\\\/\",\"url\":\"https:\\\/\\\/joaquinlois.com\\\/proyectoclarin\\\/de\\\/\",\"name\":\"Eine Spanische Barockorgel Der Orgelwerkstat Joaqu\u00edn Lois Cabello\",\"isPartOf\":{\"@id\":\"https:\\\/\\\/joaquinlois.com\\\/proyectoclarin\\\/#website\"},\"primaryImageOfPage\":{\"@id\":\"https:\\\/\\\/joaquinlois.com\\\/proyectoclarin\\\/de\\\/#primaryimage\"},\"image\":{\"@id\":\"https:\\\/\\\/joaquinlois.com\\\/proyectoclarin\\\/de\\\/#primaryimage\"},\"thumbnailUrl\":\"https:\\\/\\\/joaquinlois.com\\\/proyectoclarin\\\/wp-content\\\/uploads\\\/sites\\\/4\\\/2022\\\/06\\\/clarin-project-spanish-baroque-organs-medidas.jpg\",\"datePublished\":\"2017-04-04T15:15:32+00:00\",\"dateModified\":\"2022-06-02T12:39:39+00:00\",\"description\":\"We offer our services in the construction of organs in the purest style of the Iberian instruments from the 17th and 18th centuries.\",\"inLanguage\":\"de\",\"potentialAction\":[{\"@type\":\"ReadAction\",\"target\":[\"https:\\\/\\\/joaquinlois.com\\\/proyectoclarin\\\/de\\\/\"]}]},{\"@type\":\"ImageObject\",\"inLanguage\":\"de\",\"@id\":\"https:\\\/\\\/joaquinlois.com\\\/proyectoclarin\\\/de\\\/#primaryimage\",\"url\":\"https:\\\/\\\/joaquinlois.com\\\/proyectoclarin\\\/wp-content\\\/uploads\\\/sites\\\/4\\\/2022\\\/06\\\/clarin-project-spanish-baroque-organs-medidas.jpg\",\"contentUrl\":\"https:\\\/\\\/joaquinlois.com\\\/proyectoclarin\\\/wp-content\\\/uploads\\\/sites\\\/4\\\/2022\\\/06\\\/clarin-project-spanish-baroque-organs-medidas.jpg\",\"width\":1200,\"height\":631},{\"@type\":\"WebSite\",\"@id\":\"https:\\\/\\\/joaquinlois.com\\\/proyectoclarin\\\/#website\",\"url\":\"https:\\\/\\\/joaquinlois.com\\\/proyectoclarin\\\/\",\"name\":\"Proyecto Clar\u00edn\",\"description\":\"Un \u00d3rgano Barroco Castellano\",\"potentialAction\":[{\"@type\":\"SearchAction\",\"target\":{\"@type\":\"EntryPoint\",\"urlTemplate\":\"https:\\\/\\\/joaquinlois.com\\\/proyectoclarin\\\/?s={search_term_string}\"},\"query-input\":{\"@type\":\"PropertyValueSpecification\",\"valueRequired\":true,\"valueName\":\"search_term_string\"}}],\"inLanguage\":\"de\"}]}<\/script>\n<!-- \/ Yoast SEO plugin. -->","yoast_head_json":{"title":"Eine Spanische Barockorgel Der Orgelwerkstat Joaqu\u00edn Lois Cabello","description":"We offer our services in the construction of organs in the purest style of the Iberian instruments from the 17th and 18th centuries.","robots":{"index":"noindex","follow":"follow","max-snippet":"max-snippet:-1","max-image-preview":"max-image-preview:large","max-video-preview":"max-video-preview:-1"},"og_locale":"de_DE","og_type":"article","og_title":"Un \u00d3rgano Barroco Castellano por el taller de organer\u00eda de Joaqu\u00edn Lois","og_description":"Desde el coraz\u00f3n de Castilla, ofrecemos la construcci\u00f3n de \u00f3rganos en el m\u00e1s puro estilo de los instrumentos Ib\u00e9ricos del siglo XVII y XVIII.","og_url":"https:\/\/joaquinlois.com\/proyectoclarin\/de\/","og_site_name":"Proyecto Clar\u00edn","article_modified_time":"2022-06-02T12:39:39+00:00","og_image":[{"url":"https:\/\/joaquinlois.com\/proyectoclarin\/wp-content\/uploads\/sites\/4\/2017\/04\/clarin-project-spanish-baroque-organs-me-fecit.jpg","type":"","width":"","height":""}],"twitter_card":"summary_large_image","twitter_misc":{"Gesch\u00e4tzte Lesezeit":"1\u00a0Minute"},"schema":{"@context":"https:\/\/schema.org","@graph":[{"@type":"WebPage","@id":"https:\/\/joaquinlois.com\/proyectoclarin\/de\/","url":"https:\/\/joaquinlois.com\/proyectoclarin\/de\/","name":"Eine Spanische Barockorgel Der Orgelwerkstat Joaqu\u00edn Lois Cabello","isPartOf":{"@id":"https:\/\/joaquinlois.com\/proyectoclarin\/#website"},"primaryImageOfPage":{"@id":"https:\/\/joaquinlois.com\/proyectoclarin\/de\/#primaryimage"},"image":{"@id":"https:\/\/joaquinlois.com\/proyectoclarin\/de\/#primaryimage"},"thumbnailUrl":"https:\/\/joaquinlois.com\/proyectoclarin\/wp-content\/uploads\/sites\/4\/2022\/06\/clarin-project-spanish-baroque-organs-medidas.jpg","datePublished":"2017-04-04T15:15:32+00:00","dateModified":"2022-06-02T12:39:39+00:00","description":"We offer our services in the construction of organs in the purest style of the Iberian instruments from the 17th and 18th centuries.","inLanguage":"de","potentialAction":[{"@type":"ReadAction","target":["https:\/\/joaquinlois.com\/proyectoclarin\/de\/"]}]},{"@type":"ImageObject","inLanguage":"de","@id":"https:\/\/joaquinlois.com\/proyectoclarin\/de\/#primaryimage","url":"https:\/\/joaquinlois.com\/proyectoclarin\/wp-content\/uploads\/sites\/4\/2022\/06\/clarin-project-spanish-baroque-organs-medidas.jpg","contentUrl":"https:\/\/joaquinlois.com\/proyectoclarin\/wp-content\/uploads\/sites\/4\/2022\/06\/clarin-project-spanish-baroque-organs-medidas.jpg","width":1200,"height":631},{"@type":"WebSite","@id":"https:\/\/joaquinlois.com\/proyectoclarin\/#website","url":"https:\/\/joaquinlois.com\/proyectoclarin\/","name":"Proyecto Clar\u00edn","description":"Un \u00d3rgano Barroco Castellano","potentialAction":[{"@type":"SearchAction","target":{"@type":"EntryPoint","urlTemplate":"https:\/\/joaquinlois.com\/proyectoclarin\/?s={search_term_string}"},"query-input":{"@type":"PropertyValueSpecification","valueRequired":true,"valueName":"search_term_string"}}],"inLanguage":"de"}]}},"_links":{"self":[{"href":"https:\/\/joaquinlois.com\/proyectoclarin\/de\/wp-json\/wp\/v2\/pages\/1125","targetHints":{"allow":["GET"]}}],"collection":[{"href":"https:\/\/joaquinlois.com\/proyectoclarin\/de\/wp-json\/wp\/v2\/pages"}],"about":[{"href":"https:\/\/joaquinlois.com\/proyectoclarin\/de\/wp-json\/wp\/v2\/types\/page"}],"author":[{"embeddable":true,"href":"https:\/\/joaquinlois.com\/proyectoclarin\/de\/wp-json\/wp\/v2\/users\/1"}],"replies":[{"embeddable":true,"href":"https:\/\/joaquinlois.com\/proyectoclarin\/de\/wp-json\/wp\/v2\/comments?post=1125"}],"version-history":[{"count":3,"href":"https:\/\/joaquinlois.com\/proyectoclarin\/de\/wp-json\/wp\/v2\/pages\/1125\/revisions"}],"predecessor-version":[{"id":1229,"href":"https:\/\/joaquinlois.com\/proyectoclarin\/de\/wp-json\/wp\/v2\/pages\/1125\/revisions\/1229"}],"wp:featuredmedia":[{"embeddable":true,"href":"https:\/\/joaquinlois.com\/proyectoclarin\/de\/wp-json\/wp\/v2\/media\/861"}],"wp:attachment":[{"href":"https:\/\/joaquinlois.com\/proyectoclarin\/de\/wp-json\/wp\/v2\/media?parent=1125"}],"curies":[{"name":"wp","href":"https:\/\/api.w.org\/{rel}","templated":true}]}}