{"id":2528,"date":"2018-03-29T16:55:07","date_gmt":"2018-03-29T16:55:07","guid":{"rendered":"https:\/\/www.joaquinlois.com\/organo-catedral-segovia\/?page_id=42"},"modified":"2025-01-20T10:31:06","modified_gmt":"2025-01-20T10:31:06","slug":"tour-virtual","status":"publish","type":"page","link":"https:\/\/joaquinlois.com\/organo-catedral-segovia\/tour-virtual\/","title":{"rendered":"Tour Virtual"},"content":{"rendered":"\n<p><iframe loading=\"lazy\" src=\"https:\/\/app.lapentor.com\/sphere\/organo-del-evangelio-de-la-catedral-de-segovia\" width=\"100%\" height=\"600px\" frameborder=\"0\" scrolling=\"no\" allowfullscreen=\"allowfullscreen\"><\/iframe><\/p>\n\n\n\n<p class=\"has-text-align-center\"><a href=\"https:\/\/app.lapentor.com\/sphere\/organo-del-evangelio-de-la-catedral-de-segovia\" target=\"_blank\" rel=\"noreferrer noopener\">Vista Tour virtual (Pantalla completa)<\/a><\/p>\n\n\n\n<p><\/p>\n","protected":false},"excerpt":{"rendered":"<p>Vista Tour virtual (Pantalla completa)<\/p>\n","protected":false},"author":1,"featured_media":897,"parent":0,"menu_order":0,"comment_status":"closed","ping_status":"closed","template":"","meta":{"_acf_changed":false,"footnotes":""},"class_list":["post-2528","page","type-page","status-publish","has-post-thumbnail","hentry"],"acf":[],"yoast_head":"<!-- This site is optimized with the Yoast SEO plugin v27.3 - https:\/\/yoast.com\/product\/yoast-seo-wordpress\/ -->\n<title>Tour Virtual (VR) | \u00d3rgano del Evangelio de la Catedral de Segovia<\/title>\n<meta name=\"description\" content=\"Conoce el \u00f3rgano del Evangelio de la Catedral de Segovia desde dentro durante el proceso de restauraci\u00f3n del taller de organer\u00eda Joaqu\u00edn Lois\" \/>\n<meta name=\"robots\" content=\"index, follow, max-snippet:-1, max-image-preview:large, max-video-preview:-1\" \/>\n<link rel=\"canonical\" href=\"https:\/\/joaquinlois.com\/organo-catedral-segovia\/tour-virtual\/\" \/>\n<meta property=\"og:locale\" content=\"es_ES\" \/>\n<meta property=\"og:type\" content=\"article\" \/>\n<meta property=\"og:title\" content=\"Tour Virtual (VR) | \u00d3rgano del Evangelio de la Catedral de Segovia\" \/>\n<meta property=\"og:description\" content=\"Conoce el \u00f3rgano del Evangelio de la Catedral de Segovia desde dentro durante el proceso de restauraci\u00f3n del taller de organer\u00eda Joaqu\u00edn Lois\" \/>\n<meta property=\"og:url\" content=\"https:\/\/joaquinlois.com\/organo-catedral-segovia\/tour-virtual\/\" \/>\n<meta property=\"og:site_name\" content=\"\u00d3rgano del evangelio de la Catedral de Segovia\" \/>\n<meta property=\"article:modified_time\" content=\"2025-01-20T10:31:06+00:00\" \/>\n<meta property=\"og:image\" content=\"https:\/\/joaquinlois.com\/organo-catedral-segovia\/wp-content\/uploads\/sites\/2\/2018\/03\/organo-catedral-segovia-360.jpg\" \/>\n<meta name=\"twitter:card\" content=\"summary_large_image\" \/>\n<meta name=\"twitter:label1\" content=\"Tiempo de lectura\" \/>\n\t<meta name=\"twitter:data1\" content=\"1 minuto\" \/>\n<script type=\"application\/ld+json\" class=\"yoast-schema-graph\">{\"@context\":\"https:\\\/\\\/schema.org\",\"@graph\":[{\"@type\":\"WebPage\",\"@id\":\"https:\\\/\\\/joaquinlois.com\\\/organo-catedral-segovia\\\/tour-virtual\\\/\",\"url\":\"https:\\\/\\\/joaquinlois.com\\\/organo-catedral-segovia\\\/tour-virtual\\\/\",\"name\":\"Tour Virtual (VR) | \u00d3rgano del Evangelio de la Catedral de Segovia\",\"isPartOf\":{\"@id\":\"https:\\\/\\\/joaquinlois.com\\\/organo-catedral-segovia\\\/#website\"},\"primaryImageOfPage\":{\"@id\":\"https:\\\/\\\/joaquinlois.com\\\/organo-catedral-segovia\\\/tour-virtual\\\/#primaryimage\"},\"image\":{\"@id\":\"https:\\\/\\\/joaquinlois.com\\\/organo-catedral-segovia\\\/tour-virtual\\\/#primaryimage\"},\"thumbnailUrl\":\"https:\\\/\\\/joaquinlois.com\\\/organo-catedral-segovia\\\/wp-content\\\/uploads\\\/sites\\\/2\\\/2018\\\/03\\\/organo-catedral-segovia-360.jpg\",\"datePublished\":\"2018-03-29T16:55:07+00:00\",\"dateModified\":\"2025-01-20T10:31:06+00:00\",\"description\":\"Conoce el \u00f3rgano del Evangelio de la Catedral de Segovia desde dentro durante el proceso de restauraci\u00f3n del taller de organer\u00eda Joaqu\u00edn Lois\",\"inLanguage\":\"es\",\"potentialAction\":[{\"@type\":\"ReadAction\",\"target\":[\"https:\\\/\\\/joaquinlois.com\\\/organo-catedral-segovia\\\/tour-virtual\\\/\"]}]},{\"@type\":\"ImageObject\",\"inLanguage\":\"es\",\"@id\":\"https:\\\/\\\/joaquinlois.com\\\/organo-catedral-segovia\\\/tour-virtual\\\/#primaryimage\",\"url\":\"https:\\\/\\\/joaquinlois.com\\\/organo-catedral-segovia\\\/wp-content\\\/uploads\\\/sites\\\/2\\\/2018\\\/03\\\/organo-catedral-segovia-360.jpg\",\"contentUrl\":\"https:\\\/\\\/joaquinlois.com\\\/organo-catedral-segovia\\\/wp-content\\\/uploads\\\/sites\\\/2\\\/2018\\\/03\\\/organo-catedral-segovia-360.jpg\",\"width\":1000,\"height\":563},{\"@type\":\"WebSite\",\"@id\":\"https:\\\/\\\/joaquinlois.com\\\/organo-catedral-segovia\\\/#website\",\"url\":\"https:\\\/\\\/joaquinlois.com\\\/organo-catedral-segovia\\\/\",\"name\":\"\u00d3rgano del evangelio de la Catedral de Segovia\",\"description\":\"Restauraci\u00f3n realizada por el taller de organer\u00eda Joaqu\u00edn Lois\",\"potentialAction\":[{\"@type\":\"SearchAction\",\"target\":{\"@type\":\"EntryPoint\",\"urlTemplate\":\"https:\\\/\\\/joaquinlois.com\\\/organo-catedral-segovia\\\/?s={search_term_string}\"},\"query-input\":{\"@type\":\"PropertyValueSpecification\",\"valueRequired\":true,\"valueName\":\"search_term_string\"}}],\"inLanguage\":\"es\"}]}<\/script>\n<!-- \/ Yoast SEO plugin. -->","yoast_head_json":{"title":"Tour Virtual (VR) | \u00d3rgano del Evangelio de la Catedral de Segovia","description":"Conoce el \u00f3rgano del Evangelio de la Catedral de Segovia desde dentro durante el proceso de restauraci\u00f3n del taller de organer\u00eda Joaqu\u00edn Lois","robots":{"index":"index","follow":"follow","max-snippet":"max-snippet:-1","max-image-preview":"max-image-preview:large","max-video-preview":"max-video-preview:-1"},"canonical":"https:\/\/joaquinlois.com\/organo-catedral-segovia\/tour-virtual\/","og_locale":"es_ES","og_type":"article","og_title":"Tour Virtual (VR) | \u00d3rgano del Evangelio de la Catedral de Segovia","og_description":"Conoce el \u00f3rgano del Evangelio de la Catedral de Segovia desde dentro durante el proceso de restauraci\u00f3n del taller de organer\u00eda Joaqu\u00edn Lois","og_url":"https:\/\/joaquinlois.com\/organo-catedral-segovia\/tour-virtual\/","og_site_name":"\u00d3rgano del evangelio de la Catedral de Segovia","article_modified_time":"2025-01-20T10:31:06+00:00","og_image":[{"url":"https:\/\/joaquinlois.com\/organo-catedral-segovia\/wp-content\/uploads\/sites\/2\/2018\/03\/organo-catedral-segovia-360.jpg","type":"","width":"","height":""}],"twitter_card":"summary_large_image","twitter_misc":{"Tiempo de lectura":"1 minuto"},"schema":{"@context":"https:\/\/schema.org","@graph":[{"@type":"WebPage","@id":"https:\/\/joaquinlois.com\/organo-catedral-segovia\/tour-virtual\/","url":"https:\/\/joaquinlois.com\/organo-catedral-segovia\/tour-virtual\/","name":"Tour Virtual (VR) | \u00d3rgano del Evangelio de la Catedral de Segovia","isPartOf":{"@id":"https:\/\/joaquinlois.com\/organo-catedral-segovia\/#website"},"primaryImageOfPage":{"@id":"https:\/\/joaquinlois.com\/organo-catedral-segovia\/tour-virtual\/#primaryimage"},"image":{"@id":"https:\/\/joaquinlois.com\/organo-catedral-segovia\/tour-virtual\/#primaryimage"},"thumbnailUrl":"https:\/\/joaquinlois.com\/organo-catedral-segovia\/wp-content\/uploads\/sites\/2\/2018\/03\/organo-catedral-segovia-360.jpg","datePublished":"2018-03-29T16:55:07+00:00","dateModified":"2025-01-20T10:31:06+00:00","description":"Conoce el \u00f3rgano del Evangelio de la Catedral de Segovia desde dentro durante el proceso de restauraci\u00f3n del taller de organer\u00eda Joaqu\u00edn Lois","inLanguage":"es","potentialAction":[{"@type":"ReadAction","target":["https:\/\/joaquinlois.com\/organo-catedral-segovia\/tour-virtual\/"]}]},{"@type":"ImageObject","inLanguage":"es","@id":"https:\/\/joaquinlois.com\/organo-catedral-segovia\/tour-virtual\/#primaryimage","url":"https:\/\/joaquinlois.com\/organo-catedral-segovia\/wp-content\/uploads\/sites\/2\/2018\/03\/organo-catedral-segovia-360.jpg","contentUrl":"https:\/\/joaquinlois.com\/organo-catedral-segovia\/wp-content\/uploads\/sites\/2\/2018\/03\/organo-catedral-segovia-360.jpg","width":1000,"height":563},{"@type":"WebSite","@id":"https:\/\/joaquinlois.com\/organo-catedral-segovia\/#website","url":"https:\/\/joaquinlois.com\/organo-catedral-segovia\/","name":"\u00d3rgano del evangelio de la Catedral de Segovia","description":"Restauraci\u00f3n realizada por el taller de organer\u00eda Joaqu\u00edn Lois","potentialAction":[{"@type":"SearchAction","target":{"@type":"EntryPoint","urlTemplate":"https:\/\/joaquinlois.com\/organo-catedral-segovia\/?s={search_term_string}"},"query-input":{"@type":"PropertyValueSpecification","valueRequired":true,"valueName":"search_term_string"}}],"inLanguage":"es"}]}},"jetpack_sharing_enabled":true,"_links":{"self":[{"href":"https:\/\/joaquinlois.com\/organo-catedral-segovia\/wp-json\/wp\/v2\/pages\/2528","targetHints":{"allow":["GET"]}}],"collection":[{"href":"https:\/\/joaquinlois.com\/organo-catedral-segovia\/wp-json\/wp\/v2\/pages"}],"about":[{"href":"https:\/\/joaquinlois.com\/organo-catedral-segovia\/wp-json\/wp\/v2\/types\/page"}],"author":[{"embeddable":true,"href":"https:\/\/joaquinlois.com\/organo-catedral-segovia\/wp-json\/wp\/v2\/users\/1"}],"replies":[{"embeddable":true,"href":"https:\/\/joaquinlois.com\/organo-catedral-segovia\/wp-json\/wp\/v2\/comments?post=2528"}],"version-history":[{"count":7,"href":"https:\/\/joaquinlois.com\/organo-catedral-segovia\/wp-json\/wp\/v2\/pages\/2528\/revisions"}],"predecessor-version":[{"id":2958,"href":"https:\/\/joaquinlois.com\/organo-catedral-segovia\/wp-json\/wp\/v2\/pages\/2528\/revisions\/2958"}],"wp:featuredmedia":[{"embeddable":true,"href":"https:\/\/joaquinlois.com\/organo-catedral-segovia\/wp-json\/wp\/v2\/media\/897"}],"wp:attachment":[{"href":"https:\/\/joaquinlois.com\/organo-catedral-segovia\/wp-json\/wp\/v2\/media?parent=2528"}],"curies":[{"name":"wp","href":"https:\/\/api.w.org\/{rel}","templated":true}]}}