{"id":2527,"date":"2018-03-21T13:42:22","date_gmt":"2018-03-21T13:42:22","guid":{"rendered":"https:\/\/www.joaquinlois.com\/organo-catedral-segovia\/?page_id=11"},"modified":"2018-03-21T13:42:22","modified_gmt":"2018-03-21T13:42:22","slug":"una-seccion-de-la-pagina-de-inicio","status":"publish","type":"page","link":"https:\/\/joaquinlois.com\/organo-catedral-segovia\/una-seccion-de-la-pagina-de-inicio\/","title":{"rendered":"1772"},"content":{"rendered":"<p>Construido por Joseph de Echevarria<\/p>\n","protected":false},"excerpt":{"rendered":"<p>Construido por Joseph de Echevarria<\/p>\n","protected":false},"author":1,"featured_media":896,"parent":0,"menu_order":0,"comment_status":"closed","ping_status":"closed","template":"","meta":{"_acf_changed":false,"footnotes":""},"class_list":["post-2527","page","type-page","status-publish","has-post-thumbnail","hentry"],"acf":[],"yoast_head":"<!-- This site is optimized with the Yoast SEO plugin v27.3 - https:\/\/yoast.com\/product\/yoast-seo-wordpress\/ -->\n<title>1772 - \u00d3rgano del evangelio de la Catedral de Segovia<\/title>\n<meta name=\"robots\" content=\"index, follow, max-snippet:-1, max-image-preview:large, max-video-preview:-1\" \/>\n<link rel=\"canonical\" href=\"https:\/\/www.joaquinlois.com\/organo-catedral-segovia\/una-seccion-de-la-pagina-de-inicio\/\" \/>\n<meta property=\"og:locale\" content=\"es_ES\" \/>\n<meta property=\"og:type\" content=\"article\" \/>\n<meta property=\"og:title\" content=\"1772 - \u00d3rgano del evangelio de la Catedral de Segovia\" \/>\n<meta property=\"og:description\" content=\"Construido por Joseph de Echevarria\" \/>\n<meta property=\"og:url\" content=\"https:\/\/www.joaquinlois.com\/organo-catedral-segovia\/una-seccion-de-la-pagina-de-inicio\/\" \/>\n<meta property=\"og:site_name\" content=\"\u00d3rgano del evangelio de la Catedral de Segovia\" \/>\n<meta property=\"og:image\" content=\"https:\/\/joaquinlois.com\/organo-catedral-segovia\/wp-content\/uploads\/sites\/2\/2018\/03\/MG_7472-1.jpg\" \/>\n\t<meta property=\"og:image:width\" content=\"1000\" \/>\n\t<meta property=\"og:image:height\" content=\"667\" \/>\n\t<meta property=\"og:image:type\" content=\"image\/jpeg\" \/>\n<meta name=\"twitter:card\" content=\"summary_large_image\" \/>\n<script type=\"application\/ld+json\" class=\"yoast-schema-graph\">{\"@context\":\"https:\\\/\\\/schema.org\",\"@graph\":[{\"@type\":\"WebPage\",\"@id\":\"https:\\\/\\\/www.joaquinlois.com\\\/organo-catedral-segovia\\\/una-seccion-de-la-pagina-de-inicio\\\/\",\"url\":\"https:\\\/\\\/www.joaquinlois.com\\\/organo-catedral-segovia\\\/una-seccion-de-la-pagina-de-inicio\\\/\",\"name\":\"1772 - \u00d3rgano del evangelio de la Catedral de Segovia\",\"isPartOf\":{\"@id\":\"https:\\\/\\\/joaquinlois.com\\\/organo-catedral-segovia\\\/#website\"},\"primaryImageOfPage\":{\"@id\":\"https:\\\/\\\/www.joaquinlois.com\\\/organo-catedral-segovia\\\/una-seccion-de-la-pagina-de-inicio\\\/#primaryimage\"},\"image\":{\"@id\":\"https:\\\/\\\/www.joaquinlois.com\\\/organo-catedral-segovia\\\/una-seccion-de-la-pagina-de-inicio\\\/#primaryimage\"},\"thumbnailUrl\":\"https:\\\/\\\/joaquinlois.com\\\/organo-catedral-segovia\\\/wp-content\\\/uploads\\\/sites\\\/2\\\/2018\\\/03\\\/MG_7472-1.jpg\",\"datePublished\":\"2018-03-21T13:42:22+00:00\",\"inLanguage\":\"es\",\"potentialAction\":[{\"@type\":\"ReadAction\",\"target\":[\"https:\\\/\\\/www.joaquinlois.com\\\/organo-catedral-segovia\\\/una-seccion-de-la-pagina-de-inicio\\\/\"]}]},{\"@type\":\"ImageObject\",\"inLanguage\":\"es\",\"@id\":\"https:\\\/\\\/www.joaquinlois.com\\\/organo-catedral-segovia\\\/una-seccion-de-la-pagina-de-inicio\\\/#primaryimage\",\"url\":\"https:\\\/\\\/joaquinlois.com\\\/organo-catedral-segovia\\\/wp-content\\\/uploads\\\/sites\\\/2\\\/2018\\\/03\\\/MG_7472-1.jpg\",\"contentUrl\":\"https:\\\/\\\/joaquinlois.com\\\/organo-catedral-segovia\\\/wp-content\\\/uploads\\\/sites\\\/2\\\/2018\\\/03\\\/MG_7472-1.jpg\",\"width\":1000,\"height\":667},{\"@type\":\"WebSite\",\"@id\":\"https:\\\/\\\/joaquinlois.com\\\/organo-catedral-segovia\\\/#website\",\"url\":\"https:\\\/\\\/joaquinlois.com\\\/organo-catedral-segovia\\\/\",\"name\":\"\u00d3rgano del evangelio de la Catedral de Segovia\",\"description\":\"Restauraci\u00f3n realizada por el taller de organer\u00eda Joaqu\u00edn Lois\",\"potentialAction\":[{\"@type\":\"SearchAction\",\"target\":{\"@type\":\"EntryPoint\",\"urlTemplate\":\"https:\\\/\\\/joaquinlois.com\\\/organo-catedral-segovia\\\/?s={search_term_string}\"},\"query-input\":{\"@type\":\"PropertyValueSpecification\",\"valueRequired\":true,\"valueName\":\"search_term_string\"}}],\"inLanguage\":\"es\"}]}<\/script>\n<!-- \/ Yoast SEO plugin. -->","yoast_head_json":{"title":"1772 - \u00d3rgano del evangelio de la Catedral de Segovia","robots":{"index":"index","follow":"follow","max-snippet":"max-snippet:-1","max-image-preview":"max-image-preview:large","max-video-preview":"max-video-preview:-1"},"canonical":"https:\/\/www.joaquinlois.com\/organo-catedral-segovia\/una-seccion-de-la-pagina-de-inicio\/","og_locale":"es_ES","og_type":"article","og_title":"1772 - \u00d3rgano del evangelio de la Catedral de Segovia","og_description":"Construido por Joseph de Echevarria","og_url":"https:\/\/www.joaquinlois.com\/organo-catedral-segovia\/una-seccion-de-la-pagina-de-inicio\/","og_site_name":"\u00d3rgano del evangelio de la Catedral de Segovia","og_image":[{"width":1000,"height":667,"url":"https:\/\/joaquinlois.com\/organo-catedral-segovia\/wp-content\/uploads\/sites\/2\/2018\/03\/MG_7472-1.jpg","type":"image\/jpeg"}],"twitter_card":"summary_large_image","schema":{"@context":"https:\/\/schema.org","@graph":[{"@type":"WebPage","@id":"https:\/\/www.joaquinlois.com\/organo-catedral-segovia\/una-seccion-de-la-pagina-de-inicio\/","url":"https:\/\/www.joaquinlois.com\/organo-catedral-segovia\/una-seccion-de-la-pagina-de-inicio\/","name":"1772 - \u00d3rgano del evangelio de la Catedral de Segovia","isPartOf":{"@id":"https:\/\/joaquinlois.com\/organo-catedral-segovia\/#website"},"primaryImageOfPage":{"@id":"https:\/\/www.joaquinlois.com\/organo-catedral-segovia\/una-seccion-de-la-pagina-de-inicio\/#primaryimage"},"image":{"@id":"https:\/\/www.joaquinlois.com\/organo-catedral-segovia\/una-seccion-de-la-pagina-de-inicio\/#primaryimage"},"thumbnailUrl":"https:\/\/joaquinlois.com\/organo-catedral-segovia\/wp-content\/uploads\/sites\/2\/2018\/03\/MG_7472-1.jpg","datePublished":"2018-03-21T13:42:22+00:00","inLanguage":"es","potentialAction":[{"@type":"ReadAction","target":["https:\/\/www.joaquinlois.com\/organo-catedral-segovia\/una-seccion-de-la-pagina-de-inicio\/"]}]},{"@type":"ImageObject","inLanguage":"es","@id":"https:\/\/www.joaquinlois.com\/organo-catedral-segovia\/una-seccion-de-la-pagina-de-inicio\/#primaryimage","url":"https:\/\/joaquinlois.com\/organo-catedral-segovia\/wp-content\/uploads\/sites\/2\/2018\/03\/MG_7472-1.jpg","contentUrl":"https:\/\/joaquinlois.com\/organo-catedral-segovia\/wp-content\/uploads\/sites\/2\/2018\/03\/MG_7472-1.jpg","width":1000,"height":667},{"@type":"WebSite","@id":"https:\/\/joaquinlois.com\/organo-catedral-segovia\/#website","url":"https:\/\/joaquinlois.com\/organo-catedral-segovia\/","name":"\u00d3rgano del evangelio de la Catedral de Segovia","description":"Restauraci\u00f3n realizada por el taller de organer\u00eda Joaqu\u00edn Lois","potentialAction":[{"@type":"SearchAction","target":{"@type":"EntryPoint","urlTemplate":"https:\/\/joaquinlois.com\/organo-catedral-segovia\/?s={search_term_string}"},"query-input":{"@type":"PropertyValueSpecification","valueRequired":true,"valueName":"search_term_string"}}],"inLanguage":"es"}]}},"jetpack_sharing_enabled":true,"_links":{"self":[{"href":"https:\/\/joaquinlois.com\/organo-catedral-segovia\/wp-json\/wp\/v2\/pages\/2527","targetHints":{"allow":["GET"]}}],"collection":[{"href":"https:\/\/joaquinlois.com\/organo-catedral-segovia\/wp-json\/wp\/v2\/pages"}],"about":[{"href":"https:\/\/joaquinlois.com\/organo-catedral-segovia\/wp-json\/wp\/v2\/types\/page"}],"author":[{"embeddable":true,"href":"https:\/\/joaquinlois.com\/organo-catedral-segovia\/wp-json\/wp\/v2\/users\/1"}],"replies":[{"embeddable":true,"href":"https:\/\/joaquinlois.com\/organo-catedral-segovia\/wp-json\/wp\/v2\/comments?post=2527"}],"version-history":[{"count":0,"href":"https:\/\/joaquinlois.com\/organo-catedral-segovia\/wp-json\/wp\/v2\/pages\/2527\/revisions"}],"wp:featuredmedia":[{"embeddable":true,"href":"https:\/\/joaquinlois.com\/organo-catedral-segovia\/wp-json\/wp\/v2\/media\/896"}],"wp:attachment":[{"href":"https:\/\/joaquinlois.com\/organo-catedral-segovia\/wp-json\/wp\/v2\/media?parent=2527"}],"curies":[{"name":"wp","href":"https:\/\/api.w.org\/{rel}","templated":true}]}}