{"id":107,"date":"2018-04-26T20:53:56","date_gmt":"2018-04-26T20:53:56","guid":{"rendered":"https:\/\/www.joaquinlois.com\/organo-catedral-segovia\/?page_id=107"},"modified":"2022-04-08T19:22:02","modified_gmt":"2022-04-08T19:22:02","slug":"proyecto","status":"publish","type":"page","link":"https:\/\/joaquinlois.com\/organo-catedral-segovia\/proyecto\/","title":{"rendered":"El proyecto de restauraci\u00f3n"},"content":{"rendered":"<blockquote><p>Creemos que la concepci\u00f3n de Joseph de Echevarr\u00eda no debe verse difuminada por actuaciones que no aportan casi nada y si restan mucho.<\/p><\/blockquote>\n<p>Proponemos una actuaci\u00f3n integral en el instrumento y el magn\u00edfico mueble con total coordinaci\u00f3n entre los dos aspectos que consideramos inseparables.<\/p>\n<p>Uno de los rasgos que m\u00e1s se atender\u00e1 es a la permanencia&nbsp; en el tiempo del conjunto, propiciada&nbsp; tanto por la calidad t\u00e9cnica de los trabajos como por el planteamiento previo .<\/p>\n<blockquote><p>Consideramos de especial importancia afrontar la restauraci\u00f3n de este \u00f3rgano con criterios t\u00e9cnicos e hist\u00f3ricos que no se vean expuestos a revisi\u00f3n en mucho tiempo<\/p><\/blockquote>\n<p>\u00c9sto solo lo conseguiremos con amplitud de miras y atendiendo criterios que dejen a un lado nuestros gustos particulares e utilitarios para centrarnos en el legado que queremos entregar a las futuras generaciones de esta extraordinaria obra, exponente de nuestro patrimonio art\u00edstico e hist\u00f3rico.<\/p>\n<p>Desde el punto de vista de la funcionalidad musical consideramos que \u00abla composici\u00f3n original ofrece menos limitaciones a un amplio repertorio que las que ofrecen las reformas hechas supuestamente para ampliar sus posibilidades\u00bb.<\/p>\n<h2>DISPOSICI\u00d3N E INTERVENCI\u00d3N PREVISTA<\/h2>\n<ul>\n<li>Presentamos la disposici\u00f3n definitiva, si bien hay detalles que se podr\u00e1n debatir a tenor de la informaci\u00f3n que se desprendan el transcurso&nbsp; de los trabajos.<\/li>\n<li>Se recupera la estructura de tres teclados, fachada principal y respaldo y \u00f3rgano bajo de eco o cadereta.<\/li>\n<li>Se recuperan los teclados originales y consola y accesorios de la primera construcci\u00f3n.<\/li>\n<li>Reconstrucci\u00f3n de las mec\u00e1nicas perdidas en las reformas.<\/li>\n<li>Reconstrucci\u00f3n del arca de eco.<\/li>\n<li>Se recupera toda la tuber\u00eda original que estaba guardada fuera del \u00f3rgano.<\/li>\n<li>Reconstrucci\u00f3n de los seis fuelles de cu\u00f1a desaparecidos<\/li>\n<\/ul>\n","protected":false},"excerpt":{"rendered":"<p>Creemos que la concepci\u00f3n de Joseph de Echevarr\u00eda no debe verse difuminada por actuaciones que no aportan casi nada y si restan mucho. Proponemos una actuaci\u00f3n integral en el instrumento y el magn\u00edfico mueble con total coordinaci\u00f3n entre los dos aspectos que consideramos inseparables. Uno de los rasgos que m\u00e1s se atender\u00e1 es a la [&hellip;]<\/p>\n","protected":false},"author":1,"featured_media":127,"parent":0,"menu_order":0,"comment_status":"closed","ping_status":"closed","template":"page-galeria.php","meta":{"_acf_changed":false,"footnotes":""},"class_list":["post-107","page","type-page","status-publish","has-post-thumbnail","hentry"],"acf":[],"yoast_head":"<!-- This site is optimized with the Yoast SEO plugin v27.3 - https:\/\/yoast.com\/product\/yoast-seo-wordpress\/ -->\n<title>El proyecto de restauraci\u00f3n | \u00d3rgano del Evangelio - Catedral de Segovia<\/title>\n<meta name=\"description\" content=\"El proyecto de restauraci\u00f3n del taller de organer\u00eda de Joaqu\u00edn lois para el \u00f3rgano del evangelio de la catedral de Segovia\" \/>\n<meta name=\"robots\" content=\"index, follow, max-snippet:-1, max-image-preview:large, max-video-preview:-1\" \/>\n<link rel=\"canonical\" href=\"https:\/\/www.joaquinlois.com\/organo-catedral-segovia\/proyecto\/\" \/>\n<meta property=\"og:locale\" content=\"es_ES\" \/>\n<meta property=\"og:type\" content=\"article\" \/>\n<meta property=\"og:title\" content=\"El proyecto de restauraci\u00f3n | \u00d3rgano del Evangelio de la Catedral de Segovia | Taller de organer\u00eda Joaqu\u00edn Lois\" \/>\n<meta property=\"og:description\" content=\"El proyecto de restauraci\u00f3n del taller de organer\u00eda de Joaqu\u00edn lois para el \u00f3rgano del evangelio de la catedral de Segovia construido por Joseph de Echevarr\u00eda\" \/>\n<meta property=\"og:url\" content=\"https:\/\/www.joaquinlois.com\/organo-catedral-segovia\/proyecto\/\" \/>\n<meta property=\"og:site_name\" content=\"\u00d3rgano del evangelio de la Catedral de Segovia\" \/>\n<meta property=\"article:modified_time\" content=\"2022-04-08T19:22:02+00:00\" \/>\n<meta property=\"og:image\" content=\"https:\/\/joaquinlois.com\/organo-catedral-segovia\/wp-content\/uploads\/sites\/2\/2018\/04\/proyecto-organo-catedral-segovia.png\" \/>\n<meta name=\"twitter:card\" content=\"summary_large_image\" \/>\n<meta name=\"twitter:label1\" content=\"Tiempo de lectura\" \/>\n\t<meta name=\"twitter:data1\" content=\"1 minuto\" \/>\n<script type=\"application\/ld+json\" class=\"yoast-schema-graph\">{\"@context\":\"https:\\\/\\\/schema.org\",\"@graph\":[{\"@type\":\"WebPage\",\"@id\":\"https:\\\/\\\/www.joaquinlois.com\\\/organo-catedral-segovia\\\/proyecto\\\/\",\"url\":\"https:\\\/\\\/www.joaquinlois.com\\\/organo-catedral-segovia\\\/proyecto\\\/\",\"name\":\"El proyecto de restauraci\u00f3n | \u00d3rgano del Evangelio - Catedral de Segovia\",\"isPartOf\":{\"@id\":\"https:\\\/\\\/joaquinlois.com\\\/organo-catedral-segovia\\\/#website\"},\"primaryImageOfPage\":{\"@id\":\"https:\\\/\\\/www.joaquinlois.com\\\/organo-catedral-segovia\\\/proyecto\\\/#primaryimage\"},\"image\":{\"@id\":\"https:\\\/\\\/www.joaquinlois.com\\\/organo-catedral-segovia\\\/proyecto\\\/#primaryimage\"},\"thumbnailUrl\":\"https:\\\/\\\/joaquinlois.com\\\/organo-catedral-segovia\\\/wp-content\\\/uploads\\\/sites\\\/2\\\/2018\\\/04\\\/proyecto-organo-catedral-segovia.png\",\"datePublished\":\"2018-04-26T20:53:56+00:00\",\"dateModified\":\"2022-04-08T19:22:02+00:00\",\"description\":\"El proyecto de restauraci\u00f3n del taller de organer\u00eda de Joaqu\u00edn lois para el \u00f3rgano del evangelio de la catedral de Segovia\",\"inLanguage\":\"es\",\"potentialAction\":[{\"@type\":\"ReadAction\",\"target\":[\"https:\\\/\\\/www.joaquinlois.com\\\/organo-catedral-segovia\\\/proyecto\\\/\"]}]},{\"@type\":\"ImageObject\",\"inLanguage\":\"es\",\"@id\":\"https:\\\/\\\/www.joaquinlois.com\\\/organo-catedral-segovia\\\/proyecto\\\/#primaryimage\",\"url\":\"https:\\\/\\\/joaquinlois.com\\\/organo-catedral-segovia\\\/wp-content\\\/uploads\\\/sites\\\/2\\\/2018\\\/04\\\/proyecto-organo-catedral-segovia.png\",\"contentUrl\":\"https:\\\/\\\/joaquinlois.com\\\/organo-catedral-segovia\\\/wp-content\\\/uploads\\\/sites\\\/2\\\/2018\\\/04\\\/proyecto-organo-catedral-segovia.png\",\"width\":1500,\"height\":500},{\"@type\":\"WebSite\",\"@id\":\"https:\\\/\\\/joaquinlois.com\\\/organo-catedral-segovia\\\/#website\",\"url\":\"https:\\\/\\\/joaquinlois.com\\\/organo-catedral-segovia\\\/\",\"name\":\"\u00d3rgano del evangelio de la Catedral de Segovia\",\"description\":\"Restauraci\u00f3n realizada por el taller de organer\u00eda Joaqu\u00edn Lois\",\"potentialAction\":[{\"@type\":\"SearchAction\",\"target\":{\"@type\":\"EntryPoint\",\"urlTemplate\":\"https:\\\/\\\/joaquinlois.com\\\/organo-catedral-segovia\\\/?s={search_term_string}\"},\"query-input\":{\"@type\":\"PropertyValueSpecification\",\"valueRequired\":true,\"valueName\":\"search_term_string\"}}],\"inLanguage\":\"es\"}]}<\/script>\n<!-- \/ Yoast SEO plugin. -->","yoast_head_json":{"title":"El proyecto de restauraci\u00f3n | \u00d3rgano del Evangelio - Catedral de Segovia","description":"El proyecto de restauraci\u00f3n del taller de organer\u00eda de Joaqu\u00edn lois para el \u00f3rgano del evangelio de la catedral de Segovia","robots":{"index":"index","follow":"follow","max-snippet":"max-snippet:-1","max-image-preview":"max-image-preview:large","max-video-preview":"max-video-preview:-1"},"canonical":"https:\/\/www.joaquinlois.com\/organo-catedral-segovia\/proyecto\/","og_locale":"es_ES","og_type":"article","og_title":"El proyecto de restauraci\u00f3n | \u00d3rgano del Evangelio de la Catedral de Segovia | Taller de organer\u00eda Joaqu\u00edn Lois","og_description":"El proyecto de restauraci\u00f3n del taller de organer\u00eda de Joaqu\u00edn lois para el \u00f3rgano del evangelio de la catedral de Segovia construido por Joseph de Echevarr\u00eda","og_url":"https:\/\/www.joaquinlois.com\/organo-catedral-segovia\/proyecto\/","og_site_name":"\u00d3rgano del evangelio de la Catedral de Segovia","article_modified_time":"2022-04-08T19:22:02+00:00","og_image":[{"url":"https:\/\/joaquinlois.com\/organo-catedral-segovia\/wp-content\/uploads\/sites\/2\/2018\/04\/proyecto-organo-catedral-segovia.png","type":"","width":"","height":""}],"twitter_card":"summary_large_image","twitter_misc":{"Tiempo de lectura":"1 minuto"},"schema":{"@context":"https:\/\/schema.org","@graph":[{"@type":"WebPage","@id":"https:\/\/www.joaquinlois.com\/organo-catedral-segovia\/proyecto\/","url":"https:\/\/www.joaquinlois.com\/organo-catedral-segovia\/proyecto\/","name":"El proyecto de restauraci\u00f3n | \u00d3rgano del Evangelio - Catedral de Segovia","isPartOf":{"@id":"https:\/\/joaquinlois.com\/organo-catedral-segovia\/#website"},"primaryImageOfPage":{"@id":"https:\/\/www.joaquinlois.com\/organo-catedral-segovia\/proyecto\/#primaryimage"},"image":{"@id":"https:\/\/www.joaquinlois.com\/organo-catedral-segovia\/proyecto\/#primaryimage"},"thumbnailUrl":"https:\/\/joaquinlois.com\/organo-catedral-segovia\/wp-content\/uploads\/sites\/2\/2018\/04\/proyecto-organo-catedral-segovia.png","datePublished":"2018-04-26T20:53:56+00:00","dateModified":"2022-04-08T19:22:02+00:00","description":"El proyecto de restauraci\u00f3n del taller de organer\u00eda de Joaqu\u00edn lois para el \u00f3rgano del evangelio de la catedral de Segovia","inLanguage":"es","potentialAction":[{"@type":"ReadAction","target":["https:\/\/www.joaquinlois.com\/organo-catedral-segovia\/proyecto\/"]}]},{"@type":"ImageObject","inLanguage":"es","@id":"https:\/\/www.joaquinlois.com\/organo-catedral-segovia\/proyecto\/#primaryimage","url":"https:\/\/joaquinlois.com\/organo-catedral-segovia\/wp-content\/uploads\/sites\/2\/2018\/04\/proyecto-organo-catedral-segovia.png","contentUrl":"https:\/\/joaquinlois.com\/organo-catedral-segovia\/wp-content\/uploads\/sites\/2\/2018\/04\/proyecto-organo-catedral-segovia.png","width":1500,"height":500},{"@type":"WebSite","@id":"https:\/\/joaquinlois.com\/organo-catedral-segovia\/#website","url":"https:\/\/joaquinlois.com\/organo-catedral-segovia\/","name":"\u00d3rgano del evangelio de la Catedral de Segovia","description":"Restauraci\u00f3n realizada por el taller de organer\u00eda Joaqu\u00edn Lois","potentialAction":[{"@type":"SearchAction","target":{"@type":"EntryPoint","urlTemplate":"https:\/\/joaquinlois.com\/organo-catedral-segovia\/?s={search_term_string}"},"query-input":{"@type":"PropertyValueSpecification","valueRequired":true,"valueName":"search_term_string"}}],"inLanguage":"es"}]}},"jetpack_sharing_enabled":true,"_links":{"self":[{"href":"https:\/\/joaquinlois.com\/organo-catedral-segovia\/wp-json\/wp\/v2\/pages\/107","targetHints":{"allow":["GET"]}}],"collection":[{"href":"https:\/\/joaquinlois.com\/organo-catedral-segovia\/wp-json\/wp\/v2\/pages"}],"about":[{"href":"https:\/\/joaquinlois.com\/organo-catedral-segovia\/wp-json\/wp\/v2\/types\/page"}],"author":[{"embeddable":true,"href":"https:\/\/joaquinlois.com\/organo-catedral-segovia\/wp-json\/wp\/v2\/users\/1"}],"replies":[{"embeddable":true,"href":"https:\/\/joaquinlois.com\/organo-catedral-segovia\/wp-json\/wp\/v2\/comments?post=107"}],"version-history":[{"count":7,"href":"https:\/\/joaquinlois.com\/organo-catedral-segovia\/wp-json\/wp\/v2\/pages\/107\/revisions"}],"predecessor-version":[{"id":2744,"href":"https:\/\/joaquinlois.com\/organo-catedral-segovia\/wp-json\/wp\/v2\/pages\/107\/revisions\/2744"}],"wp:featuredmedia":[{"embeddable":true,"href":"https:\/\/joaquinlois.com\/organo-catedral-segovia\/wp-json\/wp\/v2\/media\/127"}],"wp:attachment":[{"href":"https:\/\/joaquinlois.com\/organo-catedral-segovia\/wp-json\/wp\/v2\/media?parent=107"}],"curies":[{"name":"wp","href":"https:\/\/api.w.org\/{rel}","templated":true}]}}